{"id":5564,"date":"2011-10-09T19:52:12","date_gmt":"2011-10-09T19:52:12","guid":{"rendered":"http:\/\/li-mac.org\/wp\/?page_id=5564"},"modified":"2012-01-18T15:25:42","modified_gmt":"2012-01-18T15:25:42","slug":"one-year-of-grabage-un-ano-de-basura","status":"publish","type":"page","link":"https:\/\/li-mac.org\/es\/library\/art-books-mexico\/published-in-mexico\/one-year-of-grabage-un-ano-de-basura\/","title":{"rendered":"Un a\u00f1o de basura"},"content":{"rendered":"<p><\/p>\n<div id=\"gt-src-c\">\n<div id=\"gt-src-p\">\n<div id=\"gt-src-wrap\">\n<div dir=\"ltr\">Esta pintura fue hecha al tama\u00f1o original del libro \u201cUn a\u00f1o de basura\u201d de Richard Mosca. El libro se ilustra con im\u00e1genes del contenido de un bote de basura. Si usted tiene m\u00e1s informaci\u00f3n sobre este libro no dude en ponerse en contacto con la biblioteca.<\/div>\n<\/div>\n<\/div>\n<\/div>\n<p><\/p>","protected":false},"excerpt":{"rendered":"<p><strong>Biblioteca<\/strong><br \/>\n2009<br \/>\n\u00f3leo sobre lienzo<br \/>\n14,5 x 22 x 1,5 cm.<\/p>\n","protected":false},"author":2,"featured_media":5423,"parent":10506,"menu_order":185,"comment_status":"open","ping_status":"open","template":"image.php","meta":{"footnotes":""},"class_list":["post-5564","page","type-page","status-publish","has-post-thumbnail","hentry"],"_links":{"self":[{"href":"https:\/\/li-mac.org\/es\/wp-json\/wp\/v2\/pages\/5564","targetHints":{"allow":["GET"]}}],"collection":[{"href":"https:\/\/li-mac.org\/es\/wp-json\/wp\/v2\/pages"}],"about":[{"href":"https:\/\/li-mac.org\/es\/wp-json\/wp\/v2\/types\/page"}],"author":[{"embeddable":true,"href":"https:\/\/li-mac.org\/es\/wp-json\/wp\/v2\/users\/2"}],"replies":[{"embeddable":true,"href":"https:\/\/li-mac.org\/es\/wp-json\/wp\/v2\/comments?post=5564"}],"version-history":[{"count":5,"href":"https:\/\/li-mac.org\/es\/wp-json\/wp\/v2\/pages\/5564\/revisions"}],"predecessor-version":[{"id":12122,"href":"https:\/\/li-mac.org\/es\/wp-json\/wp\/v2\/pages\/5564\/revisions\/12122"}],"up":[{"embeddable":true,"href":"https:\/\/li-mac.org\/es\/wp-json\/wp\/v2\/pages\/10506"}],"wp:featuredmedia":[{"embeddable":true,"href":"https:\/\/li-mac.org\/es\/wp-json\/wp\/v2\/media\/5423"}],"wp:attachment":[{"href":"https:\/\/li-mac.org\/es\/wp-json\/wp\/v2\/media?parent=5564"}],"curies":[{"name":"wp","href":"https:\/\/api.w.org\/{rel}","templated":true}]}}