{"id":5568,"date":"2011-10-09T20:21:28","date_gmt":"2011-10-09T20:21:28","guid":{"rendered":"http:\/\/li-mac.org\/wp\/?page_id=5568"},"modified":"2012-01-18T14:55:55","modified_gmt":"2012-01-18T14:55:55","slug":"the-bleeding-heart","status":"publish","type":"page","link":"https:\/\/li-mac.org\/es\/library\/art-books-mexico\/colective-exhibitions-on-mexican-art\/the-bleeding-heart\/","title":{"rendered":"El coraz\u00f3n sangrante"},"content":{"rendered":"<p>Esta pintura fue hecha al tama\u00f1o original del cat\u00e1logo de exposici\u00f3n \u201cEl Coraz\u00f3n Sangrante\u201d, que tuvo lugar en el ICA de Boston en 1991 y fue comisariada por Olivier Debroise.<\/p>","protected":false},"excerpt":{"rendered":"<p><strong>Biblioteca LiMAC<\/strong><br \/>\n2009<br \/>\n\u00f3leo sobre lienzo<br \/>\n28 x 23 x 1 cm.<\/p>\n","protected":false},"author":2,"featured_media":5425,"parent":5518,"menu_order":785,"comment_status":"open","ping_status":"open","template":"image.php","meta":{"footnotes":""},"class_list":["post-5568","page","type-page","status-publish","has-post-thumbnail","hentry"],"_links":{"self":[{"href":"https:\/\/li-mac.org\/es\/wp-json\/wp\/v2\/pages\/5568","targetHints":{"allow":["GET"]}}],"collection":[{"href":"https:\/\/li-mac.org\/es\/wp-json\/wp\/v2\/pages"}],"about":[{"href":"https:\/\/li-mac.org\/es\/wp-json\/wp\/v2\/types\/page"}],"author":[{"embeddable":true,"href":"https:\/\/li-mac.org\/es\/wp-json\/wp\/v2\/users\/2"}],"replies":[{"embeddable":true,"href":"https:\/\/li-mac.org\/es\/wp-json\/wp\/v2\/comments?post=5568"}],"version-history":[{"count":5,"href":"https:\/\/li-mac.org\/es\/wp-json\/wp\/v2\/pages\/5568\/revisions"}],"predecessor-version":[{"id":12079,"href":"https:\/\/li-mac.org\/es\/wp-json\/wp\/v2\/pages\/5568\/revisions\/12079"}],"up":[{"embeddable":true,"href":"https:\/\/li-mac.org\/es\/wp-json\/wp\/v2\/pages\/5518"}],"wp:featuredmedia":[{"embeddable":true,"href":"https:\/\/li-mac.org\/es\/wp-json\/wp\/v2\/media\/5425"}],"wp:attachment":[{"href":"https:\/\/li-mac.org\/es\/wp-json\/wp\/v2\/media?parent=5568"}],"curies":[{"name":"wp","href":"https:\/\/api.w.org\/{rel}","templated":true}]}}