{"id":5572,"date":"2011-10-09T20:43:11","date_gmt":"2011-10-09T20:43:11","guid":{"rendered":"http:\/\/li-mac.org\/wp\/?page_id=5572"},"modified":"2012-01-18T14:13:54","modified_gmt":"2012-01-18T14:13:54","slug":"the-beetle-trilogy","status":"publish","type":"page","link":"https:\/\/li-mac.org\/es\/library\/art-books-mexico\/mexican-artists\/the-beetle-trilogy\/","title":{"rendered":"The Beetle Trilogy (La trilog\u00eda del escarabajo)"},"content":{"rendered":"<p>Esta pintura fue hecha al tama\u00f1o original del cat\u00e1logo de la exposici\u00f3n \u201cLa trilog\u00eda del escarabajo\u201d de Dami\u00e1n Ortega. El libro ofrece una visi\u00f3n amplia de la pr\u00e1ctica del artista y se centra en los trabajos realizados a partir del WV escarabajo. Fue publicado por Redcat y CalArts en 2005.<\/p>","protected":false},"excerpt":{"rendered":"<p><strong>Biblioteca LiMAC<\/strong><br \/>\n2009<br \/>\n\u00f3leo sobre lienzo<br \/>\n28 x 21,5 x 2 cm.<\/p>\n","protected":false},"author":2,"featured_media":5424,"parent":5513,"menu_order":873,"comment_status":"open","ping_status":"open","template":"image.php","meta":{"footnotes":""},"class_list":["post-5572","page","type-page","status-publish","has-post-thumbnail","hentry"],"_links":{"self":[{"href":"https:\/\/li-mac.org\/es\/wp-json\/wp\/v2\/pages\/5572","targetHints":{"allow":["GET"]}}],"collection":[{"href":"https:\/\/li-mac.org\/es\/wp-json\/wp\/v2\/pages"}],"about":[{"href":"https:\/\/li-mac.org\/es\/wp-json\/wp\/v2\/types\/page"}],"author":[{"embeddable":true,"href":"https:\/\/li-mac.org\/es\/wp-json\/wp\/v2\/users\/2"}],"replies":[{"embeddable":true,"href":"https:\/\/li-mac.org\/es\/wp-json\/wp\/v2\/comments?post=5572"}],"version-history":[{"count":4,"href":"https:\/\/li-mac.org\/es\/wp-json\/wp\/v2\/pages\/5572\/revisions"}],"predecessor-version":[{"id":12041,"href":"https:\/\/li-mac.org\/es\/wp-json\/wp\/v2\/pages\/5572\/revisions\/12041"}],"up":[{"embeddable":true,"href":"https:\/\/li-mac.org\/es\/wp-json\/wp\/v2\/pages\/5513"}],"wp:featuredmedia":[{"embeddable":true,"href":"https:\/\/li-mac.org\/es\/wp-json\/wp\/v2\/media\/5424"}],"wp:attachment":[{"href":"https:\/\/li-mac.org\/es\/wp-json\/wp\/v2\/media?parent=5572"}],"curies":[{"name":"wp","href":"https:\/\/api.w.org\/{rel}","templated":true}]}}