{"id":5578,"date":"2011-10-09T20:58:23","date_gmt":"2011-10-09T20:58:23","guid":{"rendered":"http:\/\/li-mac.org\/wp\/?page_id=5578"},"modified":"2013-11-16T13:01:13","modified_gmt":"2013-11-16T13:01:13","slug":"circuito-interior-interior-circuit","status":"publish","type":"page","link":"https:\/\/li-mac.org\/es\/library\/art-books-mexico\/mexican-artists\/circuito-interior-interior-circuit\/","title":{"rendered":"Circuito interior"},"content":{"rendered":"<p>Esta pintura fue hecha al tama\u00f1o original del cat\u00e1logo de la exposici\u00f3n \u201cCircuito Interior\u201d, de Silvia Gruner en el Museo Carrillo Gil. Se public\u00f3 en el a\u00f1o 2000 en ingl\u00e9s y espa\u00f1ol.<\/p>","protected":false},"excerpt":{"rendered":"<p><strong>Biblioteca LiMAC<\/strong><br \/>\n2009<br \/>\n\u00f3leo sobre lienzo<br \/>\n21,5 x 16,5 x 0,5 cm.<\/p>\n","protected":false},"author":2,"featured_media":5428,"parent":5513,"menu_order":898,"comment_status":"open","ping_status":"open","template":"image.php","meta":{"footnotes":""},"class_list":["post-5578","page","type-page","status-publish","has-post-thumbnail","hentry"],"_links":{"self":[{"href":"https:\/\/li-mac.org\/es\/wp-json\/wp\/v2\/pages\/5578","targetHints":{"allow":["GET"]}}],"collection":[{"href":"https:\/\/li-mac.org\/es\/wp-json\/wp\/v2\/pages"}],"about":[{"href":"https:\/\/li-mac.org\/es\/wp-json\/wp\/v2\/types\/page"}],"author":[{"embeddable":true,"href":"https:\/\/li-mac.org\/es\/wp-json\/wp\/v2\/users\/2"}],"replies":[{"embeddable":true,"href":"https:\/\/li-mac.org\/es\/wp-json\/wp\/v2\/comments?post=5578"}],"version-history":[{"count":5,"href":"https:\/\/li-mac.org\/es\/wp-json\/wp\/v2\/pages\/5578\/revisions"}],"predecessor-version":[{"id":18262,"href":"https:\/\/li-mac.org\/es\/wp-json\/wp\/v2\/pages\/5578\/revisions\/18262"}],"up":[{"embeddable":true,"href":"https:\/\/li-mac.org\/es\/wp-json\/wp\/v2\/pages\/5513"}],"wp:featuredmedia":[{"embeddable":true,"href":"https:\/\/li-mac.org\/es\/wp-json\/wp\/v2\/media\/5428"}],"wp:attachment":[{"href":"https:\/\/li-mac.org\/es\/wp-json\/wp\/v2\/media?parent=5578"}],"curies":[{"name":"wp","href":"https:\/\/api.w.org\/{rel}","templated":true}]}}