{"id":5593,"date":"2011-10-10T10:00:30","date_gmt":"2011-10-10T10:00:30","guid":{"rendered":"http:\/\/li-mac.org\/wp\/?page_id=5593"},"modified":"2012-01-18T15:07:59","modified_gmt":"2012-01-18T15:07:59","slug":"el-profeta-y-la-mosca-the-prophet-and-the-fly","status":"publish","type":"page","link":"https:\/\/li-mac.org\/es\/library\/art-books-mexico\/mexican-artists\/el-profeta-y-la-mosca-the-prophet-and-the-fly\/","title":{"rendered":"El profeta y la mosca"},"content":{"rendered":"<p><\/p>\n<div dir=\"ltr\">Esta pintura fue hecha al tama\u00f1o original del cat\u00e1logo de exposici\u00f3n \u201cEl Profeta y la mosca\u201d de Francis Al\u00ffs. El libro incluye un ensayo de Catherine Lampert y contribuciones de Herman Lelie y Stefania Bonelli. Incluye numerosas ilustraciones y documentos. Fue publicado por Turner en 2003.<\/div>\n<p><\/p>","protected":false},"excerpt":{"rendered":"<p><strong>Biblioteca LiMAC<\/strong><br \/>\n2009<br \/>\n\u00f3leo sobre lienzo<br \/>\n26 x 21,5 x 2,5 cm.<\/p>\n","protected":false},"author":2,"featured_media":5432,"parent":5513,"menu_order":913,"comment_status":"open","ping_status":"open","template":"image.php","meta":{"footnotes":""},"class_list":["post-5593","page","type-page","status-publish","has-post-thumbnail","hentry"],"_links":{"self":[{"href":"https:\/\/li-mac.org\/es\/wp-json\/wp\/v2\/pages\/5593","targetHints":{"allow":["GET"]}}],"collection":[{"href":"https:\/\/li-mac.org\/es\/wp-json\/wp\/v2\/pages"}],"about":[{"href":"https:\/\/li-mac.org\/es\/wp-json\/wp\/v2\/types\/page"}],"author":[{"embeddable":true,"href":"https:\/\/li-mac.org\/es\/wp-json\/wp\/v2\/users\/2"}],"replies":[{"embeddable":true,"href":"https:\/\/li-mac.org\/es\/wp-json\/wp\/v2\/comments?post=5593"}],"version-history":[{"count":6,"href":"https:\/\/li-mac.org\/es\/wp-json\/wp\/v2\/pages\/5593\/revisions"}],"predecessor-version":[{"id":12093,"href":"https:\/\/li-mac.org\/es\/wp-json\/wp\/v2\/pages\/5593\/revisions\/12093"}],"up":[{"embeddable":true,"href":"https:\/\/li-mac.org\/es\/wp-json\/wp\/v2\/pages\/5513"}],"wp:featuredmedia":[{"embeddable":true,"href":"https:\/\/li-mac.org\/es\/wp-json\/wp\/v2\/media\/5432"}],"wp:attachment":[{"href":"https:\/\/li-mac.org\/es\/wp-json\/wp\/v2\/media?parent=5593"}],"curies":[{"name":"wp","href":"https:\/\/api.w.org\/{rel}","templated":true}]}}