{"id":5596,"date":"2011-10-10T10:13:54","date_gmt":"2011-10-10T10:13:54","guid":{"rendered":"http:\/\/li-mac.org\/wp\/?page_id=5596"},"modified":"2012-01-18T14:18:11","modified_gmt":"2012-01-18T14:18:11","slug":"compost-index","status":"publish","type":"page","link":"https:\/\/li-mac.org\/es\/library\/art-books-mexico\/mexican-artists\/compost-index\/","title":{"rendered":"Compost Index (\u00cdndice de compost)"},"content":{"rendered":"<p>Esta pintura fue hecha al tama\u00f1o original del libro \u201cCompost Index\u201d de Gabriel Kuri. La publicaci\u00f3n ofrece una visi\u00f3n general de la pr\u00e1ctica del artista respecto a los residuos cotidianos y su reciclaje. Fue publicado por ROMA en 2005.<\/p>","protected":false},"excerpt":{"rendered":"<p><strong>Biblioteca LiMAC<\/strong><br \/>\n2009<br \/>\n\u00f3leo sobre lienzo<br \/>\n28 x 20 x 1 cm.<\/p>\n","protected":false},"author":2,"featured_media":5433,"parent":5513,"menu_order":943,"comment_status":"open","ping_status":"open","template":"image.php","meta":{"footnotes":""},"class_list":["post-5596","page","type-page","status-publish","has-post-thumbnail","hentry"],"_links":{"self":[{"href":"https:\/\/li-mac.org\/es\/wp-json\/wp\/v2\/pages\/5596","targetHints":{"allow":["GET"]}}],"collection":[{"href":"https:\/\/li-mac.org\/es\/wp-json\/wp\/v2\/pages"}],"about":[{"href":"https:\/\/li-mac.org\/es\/wp-json\/wp\/v2\/types\/page"}],"author":[{"embeddable":true,"href":"https:\/\/li-mac.org\/es\/wp-json\/wp\/v2\/users\/2"}],"replies":[{"embeddable":true,"href":"https:\/\/li-mac.org\/es\/wp-json\/wp\/v2\/comments?post=5596"}],"version-history":[{"count":3,"href":"https:\/\/li-mac.org\/es\/wp-json\/wp\/v2\/pages\/5596\/revisions"}],"predecessor-version":[{"id":12048,"href":"https:\/\/li-mac.org\/es\/wp-json\/wp\/v2\/pages\/5596\/revisions\/12048"}],"up":[{"embeddable":true,"href":"https:\/\/li-mac.org\/es\/wp-json\/wp\/v2\/pages\/5513"}],"wp:featuredmedia":[{"embeddable":true,"href":"https:\/\/li-mac.org\/es\/wp-json\/wp\/v2\/media\/5433"}],"wp:attachment":[{"href":"https:\/\/li-mac.org\/es\/wp-json\/wp\/v2\/media?parent=5596"}],"curies":[{"name":"wp","href":"https:\/\/api.w.org\/{rel}","templated":true}]}}