{"id":5599,"date":"2011-10-10T10:24:07","date_gmt":"2011-10-10T10:24:07","guid":{"rendered":"http:\/\/li-mac.org\/wp\/?page_id=5599"},"modified":"2012-01-18T15:38:02","modified_gmt":"2012-01-18T15:38:02","slug":"jumex-collection","status":"publish","type":"page","link":"https:\/\/li-mac.org\/es\/library\/art-books-mexico\/collections-in-mexico\/jumex-collection\/","title":{"rendered":"Colecci\u00f3n Jumex"},"content":{"rendered":"<p>Esta pintura fue hecha al tama\u00f1o original del cat\u00e1logo de exposici\u00f3n \u00abColecci\u00f3n Jumex\u00bb que fue presentado en el Museo de Arte Carrillo Gil.<\/p>","protected":false},"excerpt":{"rendered":"<p><strong>Biblioteca LiMAC<\/strong><br \/>\n2009<br \/>\n\u00f3leo sobre lienzo<br \/>\n21,5 x 16,5 x 0,5 cm.<\/p>\n","protected":false},"author":2,"featured_media":5430,"parent":10510,"menu_order":192,"comment_status":"open","ping_status":"open","template":"image.php","meta":{"footnotes":""},"class_list":["post-5599","page","type-page","status-publish","has-post-thumbnail","hentry"],"_links":{"self":[{"href":"https:\/\/li-mac.org\/es\/wp-json\/wp\/v2\/pages\/5599","targetHints":{"allow":["GET"]}}],"collection":[{"href":"https:\/\/li-mac.org\/es\/wp-json\/wp\/v2\/pages"}],"about":[{"href":"https:\/\/li-mac.org\/es\/wp-json\/wp\/v2\/types\/page"}],"author":[{"embeddable":true,"href":"https:\/\/li-mac.org\/es\/wp-json\/wp\/v2\/users\/2"}],"replies":[{"embeddable":true,"href":"https:\/\/li-mac.org\/es\/wp-json\/wp\/v2\/comments?post=5599"}],"version-history":[{"count":6,"href":"https:\/\/li-mac.org\/es\/wp-json\/wp\/v2\/pages\/5599\/revisions"}],"predecessor-version":[{"id":12140,"href":"https:\/\/li-mac.org\/es\/wp-json\/wp\/v2\/pages\/5599\/revisions\/12140"}],"up":[{"embeddable":true,"href":"https:\/\/li-mac.org\/es\/wp-json\/wp\/v2\/pages\/10510"}],"wp:featuredmedia":[{"embeddable":true,"href":"https:\/\/li-mac.org\/es\/wp-json\/wp\/v2\/media\/5430"}],"wp:attachment":[{"href":"https:\/\/li-mac.org\/es\/wp-json\/wp\/v2\/media?parent=5599"}],"curies":[{"name":"wp","href":"https:\/\/api.w.org\/{rel}","templated":true}]}}