{"id":56,"date":"2011-01-26T15:13:36","date_gmt":"2011-01-26T15:13:36","guid":{"rendered":"http:\/\/li-mac.org\/wp\/"},"modified":"2013-01-22T17:05:53","modified_gmt":"2013-01-22T17:05:53","slug":"shop","status":"publish","type":"page","link":"https:\/\/li-mac.org\/es\/shop\/","title":{"rendered":"Tienda"},"content":{"rendered":"<p><span style=\"font-size: medium;\">La tienda del museo est\u00e1 abierto 24 horas al d\u00eda, 7 d\u00edas a la semana. Souvenirs como camisetas, carteles, l\u00e1pices, bolsas, juquetes y otros productos est\u00e1n disponibles en l\u00ednea para los visitantes.<\/span><\/p>","protected":false},"excerpt":{"rendered":"<p>La tienda del museo est\u00e1 abierto 24 horas al d\u00eda, 7 d\u00edas a la semana. Souvenirs como camisetas, carteles, l\u00e1pices, bolsas, juquetes y otros productos est\u00e1n disponibles en l\u00ednea para los visitantes.<\/p>\n","protected":false},"author":1,"featured_media":0,"parent":0,"menu_order":6,"comment_status":"closed","ping_status":"closed","template":"page-list.php","meta":{"footnotes":""},"class_list":["post-56","page","type-page","status-publish","hentry"],"_links":{"self":[{"href":"https:\/\/li-mac.org\/es\/wp-json\/wp\/v2\/pages\/56","targetHints":{"allow":["GET"]}}],"collection":[{"href":"https:\/\/li-mac.org\/es\/wp-json\/wp\/v2\/pages"}],"about":[{"href":"https:\/\/li-mac.org\/es\/wp-json\/wp\/v2\/types\/page"}],"author":[{"embeddable":true,"href":"https:\/\/li-mac.org\/es\/wp-json\/wp\/v2\/users\/1"}],"replies":[{"embeddable":true,"href":"https:\/\/li-mac.org\/es\/wp-json\/wp\/v2\/comments?post=56"}],"version-history":[{"count":12,"href":"https:\/\/li-mac.org\/es\/wp-json\/wp\/v2\/pages\/56\/revisions"}],"predecessor-version":[{"id":16475,"href":"https:\/\/li-mac.org\/es\/wp-json\/wp\/v2\/pages\/56\/revisions\/16475"}],"wp:attachment":[{"href":"https:\/\/li-mac.org\/es\/wp-json\/wp\/v2\/media?parent=56"}],"curies":[{"name":"wp","href":"https:\/\/api.w.org\/{rel}","templated":true}]}}