{"id":5603,"date":"2011-10-10T10:36:35","date_gmt":"2011-10-10T10:36:35","guid":{"rendered":"http:\/\/li-mac.org\/wp\/?page_id=5603"},"modified":"2012-01-18T15:50:59","modified_gmt":"2012-01-18T15:50:59","slug":"the-ending-eclipse-el-final-del-eclipse","status":"publish","type":"page","link":"https:\/\/li-mac.org\/es\/library\/latin-america-art\/books\/the-ending-eclipse-el-final-del-eclipse\/","title":{"rendered":"El Final del eclipse"},"content":{"rendered":"<p><\/p>\n<div id=\"gt-src-c\">\n<div id=\"gt-src-p\">\n<div id=\"gt-src-wrap\">\n<div dir=\"ltr\">Esta pintura fue hecha al tama\u00f1o original del cat\u00e1logo de la exposici\u00f3n \u201cEl final del eclipse\u201d, que tuvo lugar en la Fundaci\u00f3n Telef\u00f3nica en Madrid en 2001. La exposici\u00f3n present\u00f3 obras de artistas sudamericanos en el cambio del nuevo siglo.<\/div>\n<\/div>\n<\/div>\n<\/div>\n<p><\/p>","protected":false},"excerpt":{"rendered":"<p><strong>Biblioteca LiMAC<\/strong><br \/>\n2009<br \/>\n\u00f3leo sobre lienzo<br \/>\n30,5 x 24, 5 x 2,5 cm.<\/p>\n","protected":false},"author":2,"featured_media":5426,"parent":10702,"menu_order":0,"comment_status":"open","ping_status":"open","template":"image.php","meta":{"footnotes":""},"class_list":["post-5603","page","type-page","status-publish","has-post-thumbnail","hentry"],"_links":{"self":[{"href":"https:\/\/li-mac.org\/es\/wp-json\/wp\/v2\/pages\/5603","targetHints":{"allow":["GET"]}}],"collection":[{"href":"https:\/\/li-mac.org\/es\/wp-json\/wp\/v2\/pages"}],"about":[{"href":"https:\/\/li-mac.org\/es\/wp-json\/wp\/v2\/types\/page"}],"author":[{"embeddable":true,"href":"https:\/\/li-mac.org\/es\/wp-json\/wp\/v2\/users\/2"}],"replies":[{"embeddable":true,"href":"https:\/\/li-mac.org\/es\/wp-json\/wp\/v2\/comments?post=5603"}],"version-history":[{"count":8,"href":"https:\/\/li-mac.org\/es\/wp-json\/wp\/v2\/pages\/5603\/revisions"}],"predecessor-version":[{"id":12150,"href":"https:\/\/li-mac.org\/es\/wp-json\/wp\/v2\/pages\/5603\/revisions\/12150"}],"up":[{"embeddable":true,"href":"https:\/\/li-mac.org\/es\/wp-json\/wp\/v2\/pages\/10702"}],"wp:featuredmedia":[{"embeddable":true,"href":"https:\/\/li-mac.org\/es\/wp-json\/wp\/v2\/media\/5426"}],"wp:attachment":[{"href":"https:\/\/li-mac.org\/es\/wp-json\/wp\/v2\/media?parent=5603"}],"curies":[{"name":"wp","href":"https:\/\/api.w.org\/{rel}","templated":true}]}}