{"id":5605,"date":"2011-10-10T10:52:35","date_gmt":"2011-10-10T10:52:35","guid":{"rendered":"http:\/\/li-mac.org\/wp\/?page_id=5605"},"modified":"2012-01-18T15:01:49","modified_gmt":"2012-01-18T15:01:49","slug":"mexico-national-museum-of-anthropology","status":"publish","type":"page","link":"https:\/\/li-mac.org\/es\/library\/art-books-mexico\/colective-exhibitions-on-mexican-art\/mexico-national-museum-of-anthropology\/","title":{"rendered":"Museo Nacional de antropolog\u00eda M\u00e9xico"},"content":{"rendered":"<p>Esta pintura fue hecha en el formato original del libro \u201cMuseo Nacional de Antropolog\u00eda de M\u00e9xico\u201d. Esta publicaci\u00f3n sobre la colecci\u00f3n del museo re\u00fane los diferentes aspectos culturales de las regiones de M\u00e9xico. Fue publicado por Turner en 2004.<\/p>","protected":false},"excerpt":{"rendered":"<p><strong>Biblioteca LiMAC<\/strong><br \/>\n2009<br \/>\n\u00f3leo sobre lienzo<br \/>\n33 x  29 x  4 cm.<\/p>\n","protected":false},"author":2,"featured_media":5427,"parent":5518,"menu_order":913,"comment_status":"open","ping_status":"open","template":"image.php","meta":{"footnotes":""},"class_list":["post-5605","page","type-page","status-publish","has-post-thumbnail","hentry"],"_links":{"self":[{"href":"https:\/\/li-mac.org\/es\/wp-json\/wp\/v2\/pages\/5605","targetHints":{"allow":["GET"]}}],"collection":[{"href":"https:\/\/li-mac.org\/es\/wp-json\/wp\/v2\/pages"}],"about":[{"href":"https:\/\/li-mac.org\/es\/wp-json\/wp\/v2\/types\/page"}],"author":[{"embeddable":true,"href":"https:\/\/li-mac.org\/es\/wp-json\/wp\/v2\/users\/2"}],"replies":[{"embeddable":true,"href":"https:\/\/li-mac.org\/es\/wp-json\/wp\/v2\/comments?post=5605"}],"version-history":[{"count":5,"href":"https:\/\/li-mac.org\/es\/wp-json\/wp\/v2\/pages\/5605\/revisions"}],"predecessor-version":[{"id":12086,"href":"https:\/\/li-mac.org\/es\/wp-json\/wp\/v2\/pages\/5605\/revisions\/12086"}],"up":[{"embeddable":true,"href":"https:\/\/li-mac.org\/es\/wp-json\/wp\/v2\/pages\/5518"}],"wp:featuredmedia":[{"embeddable":true,"href":"https:\/\/li-mac.org\/es\/wp-json\/wp\/v2\/media\/5427"}],"wp:attachment":[{"href":"https:\/\/li-mac.org\/es\/wp-json\/wp\/v2\/media?parent=5605"}],"curies":[{"name":"wp","href":"https:\/\/api.w.org\/{rel}","templated":true}]}}