{"id":5607,"date":"2011-10-10T11:01:18","date_gmt":"2011-10-10T11:01:18","guid":{"rendered":"http:\/\/li-mac.org\/wp\/?page_id=5607"},"modified":"2012-01-18T15:02:45","modified_gmt":"2012-01-18T15:02:45","slug":"actuality-in-mexico-actualidad-plastica-en-mexico","status":"publish","type":"page","link":"https:\/\/li-mac.org\/es\/library\/art-books-mexico\/colective-exhibitions-on-mexican-art\/actuality-in-mexico-actualidad-plastica-en-mexico\/","title":{"rendered":"Actualidad pl\u00e1stica en Mexico"},"content":{"rendered":"<p>Esta pintura fue hecha al tama\u00f1o original del cat\u00e1logo de la exposici\u00f3n colectiva \u00abActualidad pl\u00e1stica en M\u00e9xico\u00bb, que tuvo lugar en B\u00e9lgica en el Museo de Arte Moderno de Oostende en 1993.<\/p>","protected":false},"excerpt":{"rendered":"<p><strong>Biblioteca LiMAC<\/strong><br \/>\n2009<br \/>\n\u00f3leo sobre lienzo<br \/>\n28 x 21, 5 x 1, 5 cm.<\/p>\n","protected":false},"author":2,"featured_media":5435,"parent":5518,"menu_order":935,"comment_status":"open","ping_status":"open","template":"image.php","meta":{"footnotes":""},"class_list":["post-5607","page","type-page","status-publish","has-post-thumbnail","hentry"],"_links":{"self":[{"href":"https:\/\/li-mac.org\/es\/wp-json\/wp\/v2\/pages\/5607","targetHints":{"allow":["GET"]}}],"collection":[{"href":"https:\/\/li-mac.org\/es\/wp-json\/wp\/v2\/pages"}],"about":[{"href":"https:\/\/li-mac.org\/es\/wp-json\/wp\/v2\/types\/page"}],"author":[{"embeddable":true,"href":"https:\/\/li-mac.org\/es\/wp-json\/wp\/v2\/users\/2"}],"replies":[{"embeddable":true,"href":"https:\/\/li-mac.org\/es\/wp-json\/wp\/v2\/comments?post=5607"}],"version-history":[{"count":3,"href":"https:\/\/li-mac.org\/es\/wp-json\/wp\/v2\/pages\/5607\/revisions"}],"predecessor-version":[{"id":12087,"href":"https:\/\/li-mac.org\/es\/wp-json\/wp\/v2\/pages\/5607\/revisions\/12087"}],"up":[{"embeddable":true,"href":"https:\/\/li-mac.org\/es\/wp-json\/wp\/v2\/pages\/5518"}],"wp:featuredmedia":[{"embeddable":true,"href":"https:\/\/li-mac.org\/es\/wp-json\/wp\/v2\/media\/5435"}],"wp:attachment":[{"href":"https:\/\/li-mac.org\/es\/wp-json\/wp\/v2\/media?parent=5607"}],"curies":[{"name":"wp","href":"https:\/\/api.w.org\/{rel}","templated":true}]}}