{"id":5609,"date":"2011-10-10T11:10:55","date_gmt":"2011-10-10T11:10:55","guid":{"rendered":"http:\/\/li-mac.org\/wp\/?page_id=5609"},"modified":"2012-01-18T15:06:25","modified_gmt":"2012-01-18T15:06:25","slug":"mexico-identity-and-rupture","status":"publish","type":"page","link":"https:\/\/li-mac.org\/es\/library\/art-books-mexico\/colective-exhibitions-on-mexican-art\/mexico-identity-and-rupture\/","title":{"rendered":"Mexico, identidad y ruptura"},"content":{"rendered":"<p>Esta pintura fue hecha al tama\u00f1o original del cat\u00e1logo de exposici\u00f3n\u00a0 \u201cM\u00e9xico, Identidad y ruptura\u201d comisariada por Maria Llu\u00efsa Borr\u00e0s en 2003 para la Fundaci\u00f3n Telef\u00f3nica en Madrid.<\/p>","protected":false},"excerpt":{"rendered":"<p><strong>Biblioteca LiMAC<\/strong><br \/>\n2009<br \/>\n\u00f3leo sobre lienzo<br \/>\n26 x 24 x 1 cm.<\/p>\n","protected":false},"author":2,"featured_media":5438,"parent":5518,"menu_order":937,"comment_status":"open","ping_status":"open","template":"image.php","meta":{"footnotes":""},"class_list":["post-5609","page","type-page","status-publish","has-post-thumbnail","hentry"],"_links":{"self":[{"href":"https:\/\/li-mac.org\/es\/wp-json\/wp\/v2\/pages\/5609","targetHints":{"allow":["GET"]}}],"collection":[{"href":"https:\/\/li-mac.org\/es\/wp-json\/wp\/v2\/pages"}],"about":[{"href":"https:\/\/li-mac.org\/es\/wp-json\/wp\/v2\/types\/page"}],"author":[{"embeddable":true,"href":"https:\/\/li-mac.org\/es\/wp-json\/wp\/v2\/users\/2"}],"replies":[{"embeddable":true,"href":"https:\/\/li-mac.org\/es\/wp-json\/wp\/v2\/comments?post=5609"}],"version-history":[{"count":7,"href":"https:\/\/li-mac.org\/es\/wp-json\/wp\/v2\/pages\/5609\/revisions"}],"predecessor-version":[{"id":12092,"href":"https:\/\/li-mac.org\/es\/wp-json\/wp\/v2\/pages\/5609\/revisions\/12092"}],"up":[{"embeddable":true,"href":"https:\/\/li-mac.org\/es\/wp-json\/wp\/v2\/pages\/5518"}],"wp:featuredmedia":[{"embeddable":true,"href":"https:\/\/li-mac.org\/es\/wp-json\/wp\/v2\/media\/5438"}],"wp:attachment":[{"href":"https:\/\/li-mac.org\/es\/wp-json\/wp\/v2\/media?parent=5609"}],"curies":[{"name":"wp","href":"https:\/\/api.w.org\/{rel}","templated":true}]}}