{"id":5615,"date":"2011-10-10T11:37:27","date_gmt":"2011-10-10T11:37:27","guid":{"rendered":"http:\/\/li-mac.org\/wp\/?page_id=5615"},"modified":"2012-01-18T14:18:34","modified_gmt":"2012-01-18T14:18:34","slug":"exquisite-corpse","status":"publish","type":"page","link":"https:\/\/li-mac.org\/es\/library\/art-books-mexico\/mexican-artists\/exquisite-corpse\/","title":{"rendered":"Cad\u00e1ver exquisito"},"content":{"rendered":"<p>Esta pintura fue hecha al tama\u00f1o original de la monograf\u00eda \u00abCad\u00e1ver exquisito\u00bb de Thomas Glassford. Fue publicado por la Universidad Nacional Aut\u00f3noma de M\u00e9xico (UNAM) en 2006.<\/p>","protected":false},"excerpt":{"rendered":"<p><strong>Biblioteca LiMAC<\/strong><br \/>\n2009<br \/>\n\u00f3leo sobre lienzo<br \/>\n22,5 x 16,5 x 2,5 cm.<\/p>\n","protected":false},"author":2,"featured_media":5434,"parent":5513,"menu_order":952,"comment_status":"open","ping_status":"open","template":"image.php","meta":{"footnotes":""},"class_list":["post-5615","page","type-page","status-publish","has-post-thumbnail","hentry"],"_links":{"self":[{"href":"https:\/\/li-mac.org\/es\/wp-json\/wp\/v2\/pages\/5615","targetHints":{"allow":["GET"]}}],"collection":[{"href":"https:\/\/li-mac.org\/es\/wp-json\/wp\/v2\/pages"}],"about":[{"href":"https:\/\/li-mac.org\/es\/wp-json\/wp\/v2\/types\/page"}],"author":[{"embeddable":true,"href":"https:\/\/li-mac.org\/es\/wp-json\/wp\/v2\/users\/2"}],"replies":[{"embeddable":true,"href":"https:\/\/li-mac.org\/es\/wp-json\/wp\/v2\/comments?post=5615"}],"version-history":[{"count":5,"href":"https:\/\/li-mac.org\/es\/wp-json\/wp\/v2\/pages\/5615\/revisions"}],"predecessor-version":[{"id":12049,"href":"https:\/\/li-mac.org\/es\/wp-json\/wp\/v2\/pages\/5615\/revisions\/12049"}],"up":[{"embeddable":true,"href":"https:\/\/li-mac.org\/es\/wp-json\/wp\/v2\/pages\/5513"}],"wp:featuredmedia":[{"embeddable":true,"href":"https:\/\/li-mac.org\/es\/wp-json\/wp\/v2\/media\/5434"}],"wp:attachment":[{"href":"https:\/\/li-mac.org\/es\/wp-json\/wp\/v2\/media?parent=5615"}],"curies":[{"name":"wp","href":"https:\/\/api.w.org\/{rel}","templated":true}]}}