{"id":5618,"date":"2011-10-10T11:46:40","date_gmt":"2011-10-10T11:46:40","guid":{"rendered":"http:\/\/li-mac.org\/wp\/?page_id=5618"},"modified":"2012-01-18T15:16:09","modified_gmt":"2012-01-18T15:16:09","slug":"coyote-quiero-a-mexico-coyote-i-love-mexico","status":"publish","type":"page","link":"https:\/\/li-mac.org\/es\/library\/art-books-mexico\/mexican-artists\/coyote-quiero-a-mexico-coyote-i-love-mexico\/","title":{"rendered":"Coyote, quiero a M\u00e9xico"},"content":{"rendered":"<p>Esta pintura fue hecha al tama\u00f1o original del cat\u00e1logo de la exposici\u00f3n \u201cCoyote, quiero a M\u00e9xico\u201d de Daniel Joseph Mart\u00ednez que tuvo lugar en el Museo de Arte Carrillo Gil en 2001. Incluye textos curatoriales de Silvia Navarrete y Gonzalo Ortega.<\/p>","protected":false},"excerpt":{"rendered":"<p><strong>Biblioteca LiMAC<\/strong><br \/>\n2009<br \/>\n\u00f3leo sobre lienzo<br \/>\n21,5 x 16,5 x 1 cm.<\/p>\n","protected":false},"author":2,"featured_media":5436,"parent":5513,"menu_order":964,"comment_status":"open","ping_status":"open","template":"image.php","meta":{"footnotes":""},"class_list":["post-5618","page","type-page","status-publish","has-post-thumbnail","hentry"],"_links":{"self":[{"href":"https:\/\/li-mac.org\/es\/wp-json\/wp\/v2\/pages\/5618","targetHints":{"allow":["GET"]}}],"collection":[{"href":"https:\/\/li-mac.org\/es\/wp-json\/wp\/v2\/pages"}],"about":[{"href":"https:\/\/li-mac.org\/es\/wp-json\/wp\/v2\/types\/page"}],"author":[{"embeddable":true,"href":"https:\/\/li-mac.org\/es\/wp-json\/wp\/v2\/users\/2"}],"replies":[{"embeddable":true,"href":"https:\/\/li-mac.org\/es\/wp-json\/wp\/v2\/comments?post=5618"}],"version-history":[{"count":5,"href":"https:\/\/li-mac.org\/es\/wp-json\/wp\/v2\/pages\/5618\/revisions"}],"predecessor-version":[{"id":12106,"href":"https:\/\/li-mac.org\/es\/wp-json\/wp\/v2\/pages\/5618\/revisions\/12106"}],"up":[{"embeddable":true,"href":"https:\/\/li-mac.org\/es\/wp-json\/wp\/v2\/pages\/5513"}],"wp:featuredmedia":[{"embeddable":true,"href":"https:\/\/li-mac.org\/es\/wp-json\/wp\/v2\/media\/5436"}],"wp:attachment":[{"href":"https:\/\/li-mac.org\/es\/wp-json\/wp\/v2\/media?parent=5618"}],"curies":[{"name":"wp","href":"https:\/\/api.w.org\/{rel}","templated":true}]}}