{"id":5620,"date":"2011-10-10T12:11:53","date_gmt":"2011-10-10T12:11:53","guid":{"rendered":"http:\/\/li-mac.org\/wp\/?page_id=5620"},"modified":"2012-01-18T14:21:47","modified_gmt":"2012-01-18T14:21:47","slug":"paintings","status":"publish","type":"page","link":"https:\/\/li-mac.org\/es\/library\/art-books-mexico\/mexican-artists\/paintings\/","title":{"rendered":"Pinturas"},"content":{"rendered":"<p>Esta pintura fue hecha al tama\u00f1o original del cat\u00e1logo de exposici\u00f3n \u00abPinturas\u00bb de Santiago Sierra en la galer\u00eda Enrique Guerrero en 2002.<\/p>","protected":false},"excerpt":{"rendered":"<p><strong>Biblioteca LiMAC<\/strong><br \/>\n2009<br \/>\n\u00f3leo sobre lienzo<br \/>\n27,5 x 21 x 0,5 cm.<\/p>\n","protected":false},"author":2,"featured_media":5437,"parent":5513,"menu_order":969,"comment_status":"open","ping_status":"open","template":"image.php","meta":{"footnotes":""},"class_list":["post-5620","page","type-page","status-publish","has-post-thumbnail","hentry"],"_links":{"self":[{"href":"https:\/\/li-mac.org\/es\/wp-json\/wp\/v2\/pages\/5620","targetHints":{"allow":["GET"]}}],"collection":[{"href":"https:\/\/li-mac.org\/es\/wp-json\/wp\/v2\/pages"}],"about":[{"href":"https:\/\/li-mac.org\/es\/wp-json\/wp\/v2\/types\/page"}],"author":[{"embeddable":true,"href":"https:\/\/li-mac.org\/es\/wp-json\/wp\/v2\/users\/2"}],"replies":[{"embeddable":true,"href":"https:\/\/li-mac.org\/es\/wp-json\/wp\/v2\/comments?post=5620"}],"version-history":[{"count":5,"href":"https:\/\/li-mac.org\/es\/wp-json\/wp\/v2\/pages\/5620\/revisions"}],"predecessor-version":[{"id":12052,"href":"https:\/\/li-mac.org\/es\/wp-json\/wp\/v2\/pages\/5620\/revisions\/12052"}],"up":[{"embeddable":true,"href":"https:\/\/li-mac.org\/es\/wp-json\/wp\/v2\/pages\/5513"}],"wp:featuredmedia":[{"embeddable":true,"href":"https:\/\/li-mac.org\/es\/wp-json\/wp\/v2\/media\/5437"}],"wp:attachment":[{"href":"https:\/\/li-mac.org\/es\/wp-json\/wp\/v2\/media?parent=5620"}],"curies":[{"name":"wp","href":"https:\/\/api.w.org\/{rel}","templated":true}]}}