{"id":5623,"date":"2011-10-10T12:20:22","date_gmt":"2011-10-10T12:20:22","guid":{"rendered":"http:\/\/li-mac.org\/wp\/?page_id=5623"},"modified":"2012-01-18T14:23:36","modified_gmt":"2012-01-18T14:23:36","slug":"adolfo-riestra-dibujante-pintor-y-escultor","status":"publish","type":"page","link":"https:\/\/li-mac.org\/es\/library\/art-books-mexico\/mexican-artists\/adolfo-riestra-dibujante-pintor-y-escultor\/","title":{"rendered":"Adolfo Riestra: Dibujante, Pintor y Escultor"},"content":{"rendered":"<p>Esta pintura fue hecha al tama\u00f1o original del cat\u00e1logo de exposici\u00f3n \u201cAdolfo Riestra: Dibujante, Pintor y Escultor\u201d que tuvo lugar en el Museo de Arte Contempor\u00e1neo de Monterrey en 1998.<\/p>","protected":false},"excerpt":{"rendered":"<p><strong>Biblioteca LiMAC<\/strong><br \/>\n2009<br \/>\n\u00f3leo sobre lienzo<br \/>\n27 x 27,5 x 1, 5 cm.<\/p>\n","protected":false},"author":2,"featured_media":5439,"parent":5513,"menu_order":972,"comment_status":"open","ping_status":"open","template":"image.php","meta":{"footnotes":""},"class_list":["post-5623","page","type-page","status-publish","has-post-thumbnail","hentry"],"_links":{"self":[{"href":"https:\/\/li-mac.org\/es\/wp-json\/wp\/v2\/pages\/5623","targetHints":{"allow":["GET"]}}],"collection":[{"href":"https:\/\/li-mac.org\/es\/wp-json\/wp\/v2\/pages"}],"about":[{"href":"https:\/\/li-mac.org\/es\/wp-json\/wp\/v2\/types\/page"}],"author":[{"embeddable":true,"href":"https:\/\/li-mac.org\/es\/wp-json\/wp\/v2\/users\/2"}],"replies":[{"embeddable":true,"href":"https:\/\/li-mac.org\/es\/wp-json\/wp\/v2\/comments?post=5623"}],"version-history":[{"count":4,"href":"https:\/\/li-mac.org\/es\/wp-json\/wp\/v2\/pages\/5623\/revisions"}],"predecessor-version":[{"id":12054,"href":"https:\/\/li-mac.org\/es\/wp-json\/wp\/v2\/pages\/5623\/revisions\/12054"}],"up":[{"embeddable":true,"href":"https:\/\/li-mac.org\/es\/wp-json\/wp\/v2\/pages\/5513"}],"wp:featuredmedia":[{"embeddable":true,"href":"https:\/\/li-mac.org\/es\/wp-json\/wp\/v2\/media\/5439"}],"wp:attachment":[{"href":"https:\/\/li-mac.org\/es\/wp-json\/wp\/v2\/media?parent=5623"}],"curies":[{"name":"wp","href":"https:\/\/api.w.org\/{rel}","templated":true}]}}