{"id":5626,"date":"2011-10-10T14:12:00","date_gmt":"2011-10-10T14:12:00","guid":{"rendered":"http:\/\/li-mac.org\/wp\/?page_id=5626"},"modified":"2012-01-18T15:19:41","modified_gmt":"2012-01-18T15:19:41","slug":"vulnerabilia","status":"publish","type":"page","link":"https:\/\/li-mac.org\/es\/library\/art-books-mexico\/mexican-artists\/vulnerabilia\/","title":{"rendered":"Vulnerabilia"},"content":{"rendered":"<p><\/p>\n<div dir=\"ltr\">Esta pintura fue hecha al tama\u00f1o original del libro \u201cVulnerabilia\u201d de Jonathan Hern\u00e1ndez. La publicaci\u00f3n re\u00fane fotograf\u00edas de prensa organizadas tem\u00e1tica y\/o formalmente. Se edito en 2005 por la <em>Caja Negra<\/em> en Madrid.<\/div>\n<p><\/p>","protected":false},"excerpt":{"rendered":"<p><strong>Biblioteca LiMAC<\/strong><br \/>\n2009<br \/>\n\u00f3leo sobre lienzo<br \/>\n30 x 21 x 1,5 cm.<\/p>\n","protected":false},"author":2,"featured_media":5441,"parent":5513,"menu_order":999,"comment_status":"open","ping_status":"open","template":"image.php","meta":{"footnotes":""},"class_list":["post-5626","page","type-page","status-publish","has-post-thumbnail","hentry"],"_links":{"self":[{"href":"https:\/\/li-mac.org\/es\/wp-json\/wp\/v2\/pages\/5626","targetHints":{"allow":["GET"]}}],"collection":[{"href":"https:\/\/li-mac.org\/es\/wp-json\/wp\/v2\/pages"}],"about":[{"href":"https:\/\/li-mac.org\/es\/wp-json\/wp\/v2\/types\/page"}],"author":[{"embeddable":true,"href":"https:\/\/li-mac.org\/es\/wp-json\/wp\/v2\/users\/2"}],"replies":[{"embeddable":true,"href":"https:\/\/li-mac.org\/es\/wp-json\/wp\/v2\/comments?post=5626"}],"version-history":[{"count":7,"href":"https:\/\/li-mac.org\/es\/wp-json\/wp\/v2\/pages\/5626\/revisions"}],"predecessor-version":[{"id":12114,"href":"https:\/\/li-mac.org\/es\/wp-json\/wp\/v2\/pages\/5626\/revisions\/12114"}],"up":[{"embeddable":true,"href":"https:\/\/li-mac.org\/es\/wp-json\/wp\/v2\/pages\/5513"}],"wp:featuredmedia":[{"embeddable":true,"href":"https:\/\/li-mac.org\/es\/wp-json\/wp\/v2\/media\/5441"}],"wp:attachment":[{"href":"https:\/\/li-mac.org\/es\/wp-json\/wp\/v2\/media?parent=5626"}],"curies":[{"name":"wp","href":"https:\/\/api.w.org\/{rel}","templated":true}]}}