{"id":5630,"date":"2011-10-10T14:27:53","date_gmt":"2011-10-10T14:27:53","guid":{"rendered":"http:\/\/li-mac.org\/wp\/?page_id=5630"},"modified":"2012-01-18T15:22:16","modified_gmt":"2012-01-18T15:22:16","slug":"my-generation","status":"publish","type":"page","link":"https:\/\/li-mac.org\/es\/library\/art-books-mexico\/mexican-artists\/my-generation\/","title":{"rendered":"My generation (Mi generaci\u00f3n)"},"content":{"rendered":"<p>Esta pintura fue hecha al tama\u00f1o original del proyecto de exposici\u00f3n \u201cMy Generation\u201d de Daniel Guzm\u00e1n. El cat\u00e1logo incluye obras de artistas de los artistas Otto Dix, Jos\u00e9 Clemente Orozco, Philip Guston, Paul McCarthy, Germ\u00e1n Venegas o Roberto Turnbull. Fue publicado por <em>kurimanzutto<\/em> en 2009.<\/p>","protected":false},"excerpt":{"rendered":"<p><strong>Biblioteca LiMAC<\/strong><br \/>\n2009<br \/>\n\u00f3leo sobre lienzo<br \/>\n43 x 27,5 x 0,5 cm.<\/p>\n","protected":false},"author":2,"featured_media":5442,"parent":5513,"menu_order":1001,"comment_status":"open","ping_status":"open","template":"image.php","meta":{"footnotes":""},"class_list":["post-5630","page","type-page","status-publish","has-post-thumbnail","hentry"],"_links":{"self":[{"href":"https:\/\/li-mac.org\/es\/wp-json\/wp\/v2\/pages\/5630","targetHints":{"allow":["GET"]}}],"collection":[{"href":"https:\/\/li-mac.org\/es\/wp-json\/wp\/v2\/pages"}],"about":[{"href":"https:\/\/li-mac.org\/es\/wp-json\/wp\/v2\/types\/page"}],"author":[{"embeddable":true,"href":"https:\/\/li-mac.org\/es\/wp-json\/wp\/v2\/users\/2"}],"replies":[{"embeddable":true,"href":"https:\/\/li-mac.org\/es\/wp-json\/wp\/v2\/comments?post=5630"}],"version-history":[{"count":6,"href":"https:\/\/li-mac.org\/es\/wp-json\/wp\/v2\/pages\/5630\/revisions"}],"predecessor-version":[{"id":12118,"href":"https:\/\/li-mac.org\/es\/wp-json\/wp\/v2\/pages\/5630\/revisions\/12118"}],"up":[{"embeddable":true,"href":"https:\/\/li-mac.org\/es\/wp-json\/wp\/v2\/pages\/5513"}],"wp:featuredmedia":[{"embeddable":true,"href":"https:\/\/li-mac.org\/es\/wp-json\/wp\/v2\/media\/5442"}],"wp:attachment":[{"href":"https:\/\/li-mac.org\/es\/wp-json\/wp\/v2\/media?parent=5630"}],"curies":[{"name":"wp","href":"https:\/\/api.w.org\/{rel}","templated":true}]}}