{"id":5632,"date":"2011-10-10T16:54:24","date_gmt":"2011-10-10T16:54:24","guid":{"rendered":"http:\/\/li-mac.org\/wp\/?page_id=5632"},"modified":"2012-01-18T14:26:40","modified_gmt":"2012-01-18T14:26:40","slug":"engendros-del-ocio-y-la-hipocresia-1991-1999-spawn-of-leisure-and-hypocrisy","status":"publish","type":"page","link":"https:\/\/li-mac.org\/es\/library\/art-books-mexico\/mexican-artists\/engendros-del-ocio-y-la-hipocresia-1991-1999-spawn-of-leisure-and-hypocrisy\/","title":{"rendered":"Engendros del ocio y la hipocres\u00eda 1991-1999"},"content":{"rendered":"<p>Esta pintura fue hecha al tama\u00f1o original del cat\u00e1logo de la exposici\u00f3n \u00abEngendros del ocio y la hipocres\u00eda\u00bb de Eduardo Abaroa, que tuvo lugar en el Museo de Arte Carrillo Gil en 1999. Fue publicado por Smart Art Press y Conaculta.<\/p>","protected":false},"excerpt":{"rendered":"<p><strong>Biblioteca LiMAC<\/strong><br \/>\n2009<br \/>\n\u00f3leo sobre lienzo<br \/>\n21, 5 x 16, 5 x 1 cm.<\/p>\n","protected":false},"author":2,"featured_media":5443,"parent":5513,"menu_order":1024,"comment_status":"open","ping_status":"open","template":"image.php","meta":{"footnotes":""},"class_list":["post-5632","page","type-page","status-publish","has-post-thumbnail","hentry"],"_links":{"self":[{"href":"https:\/\/li-mac.org\/es\/wp-json\/wp\/v2\/pages\/5632","targetHints":{"allow":["GET"]}}],"collection":[{"href":"https:\/\/li-mac.org\/es\/wp-json\/wp\/v2\/pages"}],"about":[{"href":"https:\/\/li-mac.org\/es\/wp-json\/wp\/v2\/types\/page"}],"author":[{"embeddable":true,"href":"https:\/\/li-mac.org\/es\/wp-json\/wp\/v2\/users\/2"}],"replies":[{"embeddable":true,"href":"https:\/\/li-mac.org\/es\/wp-json\/wp\/v2\/comments?post=5632"}],"version-history":[{"count":4,"href":"https:\/\/li-mac.org\/es\/wp-json\/wp\/v2\/pages\/5632\/revisions"}],"predecessor-version":[{"id":12061,"href":"https:\/\/li-mac.org\/es\/wp-json\/wp\/v2\/pages\/5632\/revisions\/12061"}],"up":[{"embeddable":true,"href":"https:\/\/li-mac.org\/es\/wp-json\/wp\/v2\/pages\/5513"}],"wp:featuredmedia":[{"embeddable":true,"href":"https:\/\/li-mac.org\/es\/wp-json\/wp\/v2\/media\/5443"}],"wp:attachment":[{"href":"https:\/\/li-mac.org\/es\/wp-json\/wp\/v2\/media?parent=5632"}],"curies":[{"name":"wp","href":"https:\/\/api.w.org\/{rel}","templated":true}]}}