{"id":5635,"date":"2011-10-10T17:05:37","date_gmt":"2011-10-10T17:05:37","guid":{"rendered":"http:\/\/li-mac.org\/wp\/?page_id=5635"},"modified":"2012-01-18T15:24:02","modified_gmt":"2012-01-18T15:24:02","slug":"the-texas-leaguer","status":"publish","type":"page","link":"https:\/\/li-mac.org\/es\/library\/art-books-mexico\/mexican-artists\/the-texas-leaguer\/","title":{"rendered":"The Texas Leaguer"},"content":{"rendered":"<p>Esta pintura fue hecha al tama\u00f1o original del cat\u00e1logo de la exposici\u00f3n \u201cThe Texas Leaguer\u201d de Rub\u00e9n Ortiz Torres que tuvo lugar el Museo de Bellas Artes de Houston en 2004. La exposici\u00f3n se centra en los estereotipos del b\u00e9isbol y la cultura popular.\u00a0 Incluye un texto de Valerie Lupa Olsen.<\/p>","protected":false},"excerpt":{"rendered":"<p><strong>Biblioteca LiMAC<\/strong><br \/>\n2009<br \/>\n\u00f3leo sobre lienzo<br \/>\n18 x 18 x 0,5 cm.<\/p>\n","protected":false},"author":2,"featured_media":5451,"parent":5513,"menu_order":1025,"comment_status":"open","ping_status":"open","template":"image.php","meta":{"footnotes":""},"class_list":["post-5635","page","type-page","status-publish","has-post-thumbnail","hentry"],"_links":{"self":[{"href":"https:\/\/li-mac.org\/es\/wp-json\/wp\/v2\/pages\/5635","targetHints":{"allow":["GET"]}}],"collection":[{"href":"https:\/\/li-mac.org\/es\/wp-json\/wp\/v2\/pages"}],"about":[{"href":"https:\/\/li-mac.org\/es\/wp-json\/wp\/v2\/types\/page"}],"author":[{"embeddable":true,"href":"https:\/\/li-mac.org\/es\/wp-json\/wp\/v2\/users\/2"}],"replies":[{"embeddable":true,"href":"https:\/\/li-mac.org\/es\/wp-json\/wp\/v2\/comments?post=5635"}],"version-history":[{"count":4,"href":"https:\/\/li-mac.org\/es\/wp-json\/wp\/v2\/pages\/5635\/revisions"}],"predecessor-version":[{"id":12120,"href":"https:\/\/li-mac.org\/es\/wp-json\/wp\/v2\/pages\/5635\/revisions\/12120"}],"up":[{"embeddable":true,"href":"https:\/\/li-mac.org\/es\/wp-json\/wp\/v2\/pages\/5513"}],"wp:featuredmedia":[{"embeddable":true,"href":"https:\/\/li-mac.org\/es\/wp-json\/wp\/v2\/media\/5451"}],"wp:attachment":[{"href":"https:\/\/li-mac.org\/es\/wp-json\/wp\/v2\/media?parent=5635"}],"curies":[{"name":"wp","href":"https:\/\/api.w.org\/{rel}","templated":true}]}}