{"id":5640,"date":"2011-10-10T17:21:17","date_gmt":"2011-10-10T17:21:17","guid":{"rendered":"http:\/\/li-mac.org\/wp\/?page_id=5640"},"modified":"2012-01-18T15:25:17","modified_gmt":"2012-01-18T15:25:17","slug":"francisco-toledo","status":"publish","type":"page","link":"https:\/\/li-mac.org\/es\/library\/art-books-mexico\/mexican-artists\/francisco-toledo\/","title":{"rendered":"Francisco Toledo"},"content":{"rendered":"<p>Esta pintura fue hecha al tama\u00f1o original de una monograf\u00eda de Francisco Toledo. Si usted tiene m\u00e1s informaci\u00f3n acerca de este libro por favor p\u00f3ngase en contacto con nosotros.<\/p>","protected":false},"excerpt":{"rendered":"<p><strong>Biblioteca LiMAC<\/strong><br \/>\n2009<br \/>\n\u00f3leo sobre lienzo<br \/>\n31 x 29 x 3 cm.<\/p>\n","protected":false},"author":2,"featured_media":5455,"parent":5513,"menu_order":1030,"comment_status":"open","ping_status":"open","template":"image.php","meta":{"footnotes":""},"class_list":["post-5640","page","type-page","status-publish","has-post-thumbnail","hentry"],"_links":{"self":[{"href":"https:\/\/li-mac.org\/es\/wp-json\/wp\/v2\/pages\/5640","targetHints":{"allow":["GET"]}}],"collection":[{"href":"https:\/\/li-mac.org\/es\/wp-json\/wp\/v2\/pages"}],"about":[{"href":"https:\/\/li-mac.org\/es\/wp-json\/wp\/v2\/types\/page"}],"author":[{"embeddable":true,"href":"https:\/\/li-mac.org\/es\/wp-json\/wp\/v2\/users\/2"}],"replies":[{"embeddable":true,"href":"https:\/\/li-mac.org\/es\/wp-json\/wp\/v2\/comments?post=5640"}],"version-history":[{"count":4,"href":"https:\/\/li-mac.org\/es\/wp-json\/wp\/v2\/pages\/5640\/revisions"}],"predecessor-version":[{"id":12121,"href":"https:\/\/li-mac.org\/es\/wp-json\/wp\/v2\/pages\/5640\/revisions\/12121"}],"up":[{"embeddable":true,"href":"https:\/\/li-mac.org\/es\/wp-json\/wp\/v2\/pages\/5513"}],"wp:featuredmedia":[{"embeddable":true,"href":"https:\/\/li-mac.org\/es\/wp-json\/wp\/v2\/media\/5455"}],"wp:attachment":[{"href":"https:\/\/li-mac.org\/es\/wp-json\/wp\/v2\/media?parent=5640"}],"curies":[{"name":"wp","href":"https:\/\/api.w.org\/{rel}","templated":true}]}}