{"id":5643,"date":"2011-10-10T17:27:39","date_gmt":"2011-10-10T17:27:39","guid":{"rendered":"http:\/\/li-mac.org\/wp\/?page_id=5643"},"modified":"2012-01-18T15:13:23","modified_gmt":"2012-01-18T15:13:23","slug":"assembly-of-cities","status":"publish","type":"page","link":"https:\/\/li-mac.org\/es\/library\/art-books-mexico\/colective-exhibitions-on-mexican-art\/assembly-of-cities\/","title":{"rendered":"Asemblea de ciudades"},"content":{"rendered":"<p>Esta pintura fue hecha al tama\u00f1o original del cat\u00e1logo de exposici\u00f3n \u201cAsamblea de Ciudades\u201d, que tuvo lugar en el Palacio de Bellas Artes de M\u00e9xico en 1992.<\/p>","protected":false},"excerpt":{"rendered":"<p><strong>Biblioteca LiMAC<\/strong><br \/>\n2009<br \/>\n\u00f3leo sobre lienzo<br \/>\n28 x 21, 5 x 2 cm.<\/p>\n","protected":false},"author":2,"featured_media":5444,"parent":5518,"menu_order":999,"comment_status":"open","ping_status":"open","template":"image.php","meta":{"footnotes":""},"class_list":["post-5643","page","type-page","status-publish","has-post-thumbnail","hentry"],"_links":{"self":[{"href":"https:\/\/li-mac.org\/es\/wp-json\/wp\/v2\/pages\/5643","targetHints":{"allow":["GET"]}}],"collection":[{"href":"https:\/\/li-mac.org\/es\/wp-json\/wp\/v2\/pages"}],"about":[{"href":"https:\/\/li-mac.org\/es\/wp-json\/wp\/v2\/types\/page"}],"author":[{"embeddable":true,"href":"https:\/\/li-mac.org\/es\/wp-json\/wp\/v2\/users\/2"}],"replies":[{"embeddable":true,"href":"https:\/\/li-mac.org\/es\/wp-json\/wp\/v2\/comments?post=5643"}],"version-history":[{"count":4,"href":"https:\/\/li-mac.org\/es\/wp-json\/wp\/v2\/pages\/5643\/revisions"}],"predecessor-version":[{"id":12101,"href":"https:\/\/li-mac.org\/es\/wp-json\/wp\/v2\/pages\/5643\/revisions\/12101"}],"up":[{"embeddable":true,"href":"https:\/\/li-mac.org\/es\/wp-json\/wp\/v2\/pages\/5518"}],"wp:featuredmedia":[{"embeddable":true,"href":"https:\/\/li-mac.org\/es\/wp-json\/wp\/v2\/media\/5444"}],"wp:attachment":[{"href":"https:\/\/li-mac.org\/es\/wp-json\/wp\/v2\/media?parent=5643"}],"curies":[{"name":"wp","href":"https:\/\/api.w.org\/{rel}","templated":true}]}}