{"id":5647,"date":"2011-10-10T17:47:36","date_gmt":"2011-10-10T17:47:36","guid":{"rendered":"http:\/\/li-mac.org\/wp\/?page_id=5647"},"modified":"2012-01-18T15:16:27","modified_gmt":"2012-01-18T15:16:27","slug":"aspects-of-contemporary-mexican-painting","status":"publish","type":"page","link":"https:\/\/li-mac.org\/es\/library\/art-books-mexico\/colective-exhibitions-on-mexican-art\/aspects-of-contemporary-mexican-painting\/","title":{"rendered":"Aspectos de la pintura mexicana contempor\u00e1nea"},"content":{"rendered":"<p>Esta pintura fue hecha al tama\u00f1o original del cat\u00e1logo de la exposici\u00f3n \u201cAspectos de la pintura contempor\u00e1nea mexicana\u201d, que fue organizado por la <em>Sociedad de las Am\u00e9ricas<\/em> y comisariado por Edward J. Sullivan en 1990.<\/p>","protected":false},"excerpt":{"rendered":"<p><strong>Biblioteca LiMAC<\/strong><br \/>\n2009<br \/>\n\u00f3leo sobre lienzo<br \/>\n26,5 x 23 x 1 cm.<\/p>\n","protected":false},"author":2,"featured_media":5447,"parent":5518,"menu_order":1025,"comment_status":"open","ping_status":"open","template":"image.php","meta":{"footnotes":""},"class_list":["post-5647","page","type-page","status-publish","has-post-thumbnail","hentry"],"_links":{"self":[{"href":"https:\/\/li-mac.org\/es\/wp-json\/wp\/v2\/pages\/5647","targetHints":{"allow":["GET"]}}],"collection":[{"href":"https:\/\/li-mac.org\/es\/wp-json\/wp\/v2\/pages"}],"about":[{"href":"https:\/\/li-mac.org\/es\/wp-json\/wp\/v2\/types\/page"}],"author":[{"embeddable":true,"href":"https:\/\/li-mac.org\/es\/wp-json\/wp\/v2\/users\/2"}],"replies":[{"embeddable":true,"href":"https:\/\/li-mac.org\/es\/wp-json\/wp\/v2\/comments?post=5647"}],"version-history":[{"count":4,"href":"https:\/\/li-mac.org\/es\/wp-json\/wp\/v2\/pages\/5647\/revisions"}],"predecessor-version":[{"id":12107,"href":"https:\/\/li-mac.org\/es\/wp-json\/wp\/v2\/pages\/5647\/revisions\/12107"}],"up":[{"embeddable":true,"href":"https:\/\/li-mac.org\/es\/wp-json\/wp\/v2\/pages\/5518"}],"wp:featuredmedia":[{"embeddable":true,"href":"https:\/\/li-mac.org\/es\/wp-json\/wp\/v2\/media\/5447"}],"wp:attachment":[{"href":"https:\/\/li-mac.org\/es\/wp-json\/wp\/v2\/media?parent=5647"}],"curies":[{"name":"wp","href":"https:\/\/api.w.org\/{rel}","templated":true}]}}