{"id":5649,"date":"2011-10-10T17:56:54","date_gmt":"2011-10-10T17:56:54","guid":{"rendered":"http:\/\/li-mac.org\/wp\/?page_id=5649"},"modified":"2012-01-18T15:17:07","modified_gmt":"2012-01-18T15:17:07","slug":"new-moments-in-mexican-art","status":"publish","type":"page","link":"https:\/\/li-mac.org\/es\/library\/art-books-mexico\/colective-exhibitions-on-mexican-art\/new-moments-in-mexican-art\/","title":{"rendered":"Nuevos Momentos del arte Mexicano"},"content":{"rendered":"<p>Esta pintura fue hecha al tama\u00f1o original del cat\u00e1logo de la exposici\u00f3n \u201cNuevos Momentos del Arte Mexicano\u201d que tuvo lugar en 1990 y que se centra en el simbolismo, surrealismo, fantas\u00eda y la cultura popular.<\/p>","protected":false},"excerpt":{"rendered":"<p><strong>Biblioteca LiMAC<\/strong><br \/>\n2009<br \/>\n\u00f3leo sobre lienzo<br \/>\n29 x 24, 5 x 2, 5 cm.<\/p>\n","protected":false},"author":2,"featured_media":5456,"parent":5518,"menu_order":1030,"comment_status":"open","ping_status":"open","template":"image.php","meta":{"footnotes":""},"class_list":["post-5649","page","type-page","status-publish","has-post-thumbnail","hentry"],"_links":{"self":[{"href":"https:\/\/li-mac.org\/es\/wp-json\/wp\/v2\/pages\/5649","targetHints":{"allow":["GET"]}}],"collection":[{"href":"https:\/\/li-mac.org\/es\/wp-json\/wp\/v2\/pages"}],"about":[{"href":"https:\/\/li-mac.org\/es\/wp-json\/wp\/v2\/types\/page"}],"author":[{"embeddable":true,"href":"https:\/\/li-mac.org\/es\/wp-json\/wp\/v2\/users\/2"}],"replies":[{"embeddable":true,"href":"https:\/\/li-mac.org\/es\/wp-json\/wp\/v2\/comments?post=5649"}],"version-history":[{"count":3,"href":"https:\/\/li-mac.org\/es\/wp-json\/wp\/v2\/pages\/5649\/revisions"}],"predecessor-version":[{"id":12108,"href":"https:\/\/li-mac.org\/es\/wp-json\/wp\/v2\/pages\/5649\/revisions\/12108"}],"up":[{"embeddable":true,"href":"https:\/\/li-mac.org\/es\/wp-json\/wp\/v2\/pages\/5518"}],"wp:featuredmedia":[{"embeddable":true,"href":"https:\/\/li-mac.org\/es\/wp-json\/wp\/v2\/media\/5456"}],"wp:attachment":[{"href":"https:\/\/li-mac.org\/es\/wp-json\/wp\/v2\/media?parent=5649"}],"curies":[{"name":"wp","href":"https:\/\/api.w.org\/{rel}","templated":true}]}}