{"id":5651,"date":"2011-10-10T21:20:02","date_gmt":"2011-10-10T21:20:02","guid":{"rendered":"http:\/\/li-mac.org\/wp\/?page_id=5651"},"modified":"2012-01-18T15:51:43","modified_gmt":"2012-01-18T15:51:43","slug":"revelations-arts-in-south-america-1492-1820","status":"publish","type":"page","link":"https:\/\/li-mac.org\/es\/library\/latin-america-art\/books\/revelations-arts-in-south-america-1492-1820\/","title":{"rendered":"Revelaciones &#8211; Las Artes en Am\u00e9rica latina 1492-1820"},"content":{"rendered":"<p><\/p>\n<div dir=\"ltr\">Esta pintura fue hecha al tama\u00f1o original del cat\u00e1logo de la exposici\u00f3n \u201cRevelaciones \u2013 Las Artes en Am\u00e9rica latina 1492-1820\u2033. La exposici\u00f3n estudia las interacciones entre las artes coloniales y nativas, utilizando para ello tapices, mobiliario, mapas, vestimenta, as\u00ed como pinturas, esculturas, cer\u00e1micas, altares y la arquitectura. Una de las muestras itinerantes tuvo lugar en el Antiguo Colegio de San Ildefonso de la Ciudad de M\u00e9xico en 2007. El libro fue publicado por el Fondo de Cultura Econ\u00f3mica.<\/div>\n<p><\/p>","protected":false},"excerpt":{"rendered":"<p><strong>Biblioteca LiMAC<\/strong><br \/>\n2009<br \/>\n\u00f3leo sobre lienzo<br \/>\n30,5 x 25 x 4 cm.<\/p>\n","protected":false},"author":2,"featured_media":5457,"parent":10702,"menu_order":185,"comment_status":"open","ping_status":"open","template":"image.php","meta":{"footnotes":""},"class_list":["post-5651","page","type-page","status-publish","has-post-thumbnail","hentry"],"_links":{"self":[{"href":"https:\/\/li-mac.org\/es\/wp-json\/wp\/v2\/pages\/5651","targetHints":{"allow":["GET"]}}],"collection":[{"href":"https:\/\/li-mac.org\/es\/wp-json\/wp\/v2\/pages"}],"about":[{"href":"https:\/\/li-mac.org\/es\/wp-json\/wp\/v2\/types\/page"}],"author":[{"embeddable":true,"href":"https:\/\/li-mac.org\/es\/wp-json\/wp\/v2\/users\/2"}],"replies":[{"embeddable":true,"href":"https:\/\/li-mac.org\/es\/wp-json\/wp\/v2\/comments?post=5651"}],"version-history":[{"count":9,"href":"https:\/\/li-mac.org\/es\/wp-json\/wp\/v2\/pages\/5651\/revisions"}],"predecessor-version":[{"id":12154,"href":"https:\/\/li-mac.org\/es\/wp-json\/wp\/v2\/pages\/5651\/revisions\/12154"}],"up":[{"embeddable":true,"href":"https:\/\/li-mac.org\/es\/wp-json\/wp\/v2\/pages\/10702"}],"wp:featuredmedia":[{"embeddable":true,"href":"https:\/\/li-mac.org\/es\/wp-json\/wp\/v2\/media\/5457"}],"wp:attachment":[{"href":"https:\/\/li-mac.org\/es\/wp-json\/wp\/v2\/media?parent=5651"}],"curies":[{"name":"wp","href":"https:\/\/api.w.org\/{rel}","templated":true}]}}