{"id":5662,"date":"2011-10-10T22:01:51","date_gmt":"2011-10-10T22:01:51","guid":{"rendered":"http:\/\/li-mac.org\/wp\/?page_id=5662"},"modified":"2012-01-18T15:54:01","modified_gmt":"2012-01-18T15:54:01","slug":"ameriques-latines-art-contemporain","status":"publish","type":"page","link":"https:\/\/li-mac.org\/es\/library\/latin-america-art\/books\/ameriques-latines-art-contemporain\/","title":{"rendered":"Am\u00e9riques Latines Art Contemporain"},"content":{"rendered":"<p>Esta pintura fue hecha en el tama\u00f1o original del cat\u00e1logo de la exposici\u00f3n \u201cAm\u00e9riques Latines Art Contemporain\u201d, que tuvo lugar en el Hotel des Arts de Par\u00eds en 1992.<\/p>","protected":false},"excerpt":{"rendered":"<p><strong>Biblioteca LiMAC<\/strong><br \/>\n2009<br \/>\n\u00f3leo sobre lienzo<br \/>\n28 x 22 x 0,5 cm.<\/p>\n","protected":false},"author":2,"featured_media":5461,"parent":10702,"menu_order":194,"comment_status":"open","ping_status":"open","template":"image.php","meta":{"footnotes":""},"class_list":["post-5662","page","type-page","status-publish","has-post-thumbnail","hentry"],"_links":{"self":[{"href":"https:\/\/li-mac.org\/es\/wp-json\/wp\/v2\/pages\/5662","targetHints":{"allow":["GET"]}}],"collection":[{"href":"https:\/\/li-mac.org\/es\/wp-json\/wp\/v2\/pages"}],"about":[{"href":"https:\/\/li-mac.org\/es\/wp-json\/wp\/v2\/types\/page"}],"author":[{"embeddable":true,"href":"https:\/\/li-mac.org\/es\/wp-json\/wp\/v2\/users\/2"}],"replies":[{"embeddable":true,"href":"https:\/\/li-mac.org\/es\/wp-json\/wp\/v2\/comments?post=5662"}],"version-history":[{"count":8,"href":"https:\/\/li-mac.org\/es\/wp-json\/wp\/v2\/pages\/5662\/revisions"}],"predecessor-version":[{"id":12158,"href":"https:\/\/li-mac.org\/es\/wp-json\/wp\/v2\/pages\/5662\/revisions\/12158"}],"up":[{"embeddable":true,"href":"https:\/\/li-mac.org\/es\/wp-json\/wp\/v2\/pages\/10702"}],"wp:featuredmedia":[{"embeddable":true,"href":"https:\/\/li-mac.org\/es\/wp-json\/wp\/v2\/media\/5461"}],"wp:attachment":[{"href":"https:\/\/li-mac.org\/es\/wp-json\/wp\/v2\/media?parent=5662"}],"curies":[{"name":"wp","href":"https:\/\/api.w.org\/{rel}","templated":true}]}}