{"id":5670,"date":"2011-10-10T22:36:51","date_gmt":"2011-10-10T22:36:51","guid":{"rendered":"http:\/\/li-mac.org\/wp\/?page_id=5670"},"modified":"2012-01-18T15:17:28","modified_gmt":"2012-01-18T15:17:28","slug":"guadalupe","status":"publish","type":"page","link":"https:\/\/li-mac.org\/es\/library\/art-books-mexico\/colective-exhibitions-on-mexican-art\/guadalupe\/","title":{"rendered":"Guadalupe"},"content":{"rendered":"<p><\/p>\n<div dir=\"ltr\">Esta pintura fue hecha al tama\u00f1o original del cat\u00e1logo de exposici\u00f3n \u201cGuadalupe\u201d que tuvo lugar en el Centro Cultural de M\u00e9xico de Par\u00eds en 1989.<\/div>\n<p><\/p>","protected":false},"excerpt":{"rendered":"<p><strong>Biblioteca LiMAC<\/strong><br \/>\n2009<br \/>\n\u00f3leo sobre lienzo<br \/>\n30 x 24 x 0,5 cm.<\/p>\n","protected":false},"author":2,"featured_media":5464,"parent":5518,"menu_order":1034,"comment_status":"open","ping_status":"open","template":"image.php","meta":{"footnotes":""},"class_list":["post-5670","page","type-page","status-publish","has-post-thumbnail","hentry"],"_links":{"self":[{"href":"https:\/\/li-mac.org\/es\/wp-json\/wp\/v2\/pages\/5670","targetHints":{"allow":["GET"]}}],"collection":[{"href":"https:\/\/li-mac.org\/es\/wp-json\/wp\/v2\/pages"}],"about":[{"href":"https:\/\/li-mac.org\/es\/wp-json\/wp\/v2\/types\/page"}],"author":[{"embeddable":true,"href":"https:\/\/li-mac.org\/es\/wp-json\/wp\/v2\/users\/2"}],"replies":[{"embeddable":true,"href":"https:\/\/li-mac.org\/es\/wp-json\/wp\/v2\/comments?post=5670"}],"version-history":[{"count":4,"href":"https:\/\/li-mac.org\/es\/wp-json\/wp\/v2\/pages\/5670\/revisions"}],"predecessor-version":[{"id":12109,"href":"https:\/\/li-mac.org\/es\/wp-json\/wp\/v2\/pages\/5670\/revisions\/12109"}],"up":[{"embeddable":true,"href":"https:\/\/li-mac.org\/es\/wp-json\/wp\/v2\/pages\/5518"}],"wp:featuredmedia":[{"embeddable":true,"href":"https:\/\/li-mac.org\/es\/wp-json\/wp\/v2\/media\/5464"}],"wp:attachment":[{"href":"https:\/\/li-mac.org\/es\/wp-json\/wp\/v2\/media?parent=5670"}],"curies":[{"name":"wp","href":"https:\/\/api.w.org\/{rel}","templated":true}]}}