{"id":5673,"date":"2011-10-11T10:19:17","date_gmt":"2011-10-11T10:19:17","guid":{"rendered":"http:\/\/li-mac.org\/wp\/?page_id=5673"},"modified":"2012-01-18T15:52:59","modified_gmt":"2012-01-18T15:52:59","slug":"latin-american-artists-of-the-xxth","status":"publish","type":"page","link":"https:\/\/li-mac.org\/es\/library\/latin-america-art\/books\/latin-american-artists-of-the-xxth\/","title":{"rendered":"Artistas Latinoamericanos del siglo XX"},"content":{"rendered":"<p>Esta pintura fue hecha al tama\u00f1o original del cat\u00e1logo de la exposici\u00f3n \u00abArtistas latinoamericanos del siglo XX\u00bb, que fue organizada por el MoMA y tuvo lugar en Sevilla en 1992.<\/p>","protected":false},"excerpt":{"rendered":"<p><strong>Biblioteca LiMAC<\/strong><br \/>\n2009<br \/>\n\u00f3leo sobre lienzo<br \/>\n28 x 23 x 2,5 cm.<\/p>\n","protected":false},"author":2,"featured_media":5466,"parent":10702,"menu_order":178,"comment_status":"open","ping_status":"open","template":"image.php","meta":{"footnotes":""},"class_list":["post-5673","page","type-page","status-publish","has-post-thumbnail","hentry"],"_links":{"self":[{"href":"https:\/\/li-mac.org\/es\/wp-json\/wp\/v2\/pages\/5673","targetHints":{"allow":["GET"]}}],"collection":[{"href":"https:\/\/li-mac.org\/es\/wp-json\/wp\/v2\/pages"}],"about":[{"href":"https:\/\/li-mac.org\/es\/wp-json\/wp\/v2\/types\/page"}],"author":[{"embeddable":true,"href":"https:\/\/li-mac.org\/es\/wp-json\/wp\/v2\/users\/2"}],"replies":[{"embeddable":true,"href":"https:\/\/li-mac.org\/es\/wp-json\/wp\/v2\/comments?post=5673"}],"version-history":[{"count":7,"href":"https:\/\/li-mac.org\/es\/wp-json\/wp\/v2\/pages\/5673\/revisions"}],"predecessor-version":[{"id":12157,"href":"https:\/\/li-mac.org\/es\/wp-json\/wp\/v2\/pages\/5673\/revisions\/12157"}],"up":[{"embeddable":true,"href":"https:\/\/li-mac.org\/es\/wp-json\/wp\/v2\/pages\/10702"}],"wp:featuredmedia":[{"embeddable":true,"href":"https:\/\/li-mac.org\/es\/wp-json\/wp\/v2\/media\/5466"}],"wp:attachment":[{"href":"https:\/\/li-mac.org\/es\/wp-json\/wp\/v2\/media?parent=5673"}],"curies":[{"name":"wp","href":"https:\/\/api.w.org\/{rel}","templated":true}]}}