{"id":5675,"date":"2011-10-11T10:30:02","date_gmt":"2011-10-11T10:30:02","guid":{"rendered":"http:\/\/li-mac.org\/wp\/?page_id=5675"},"modified":"2012-01-18T15:52:26","modified_gmt":"2012-01-18T15:52:26","slug":"latin-american-artists-of-the-xxth-a","status":"publish","type":"page","link":"https:\/\/li-mac.org\/es\/library\/latin-america-art\/books\/latin-american-artists-of-the-xxth-a\/","title":{"rendered":"Artistas Latinoamericanos del siglo XX"},"content":{"rendered":"<p>Esta pintura fue hecha en el tama\u00f1o original del cat\u00e1logo de la exposici\u00f3n \u201cArtistas Latinoamericanos del siglo XX\u201d que tuvo lugar en el MoMA en 1993.<\/p>","protected":false},"excerpt":{"rendered":"<p><strong>Biblioteca LiMAC<\/strong><br \/>\n2009<br \/>\n\u00f3leo sobre lienzo<br \/>\n28 x 23 x 2,5 cm.<\/p>\n","protected":false},"author":2,"featured_media":5469,"parent":10702,"menu_order":192,"comment_status":"open","ping_status":"open","template":"image.php","meta":{"footnotes":""},"class_list":["post-5675","page","type-page","status-publish","has-post-thumbnail","hentry"],"_links":{"self":[{"href":"https:\/\/li-mac.org\/es\/wp-json\/wp\/v2\/pages\/5675","targetHints":{"allow":["GET"]}}],"collection":[{"href":"https:\/\/li-mac.org\/es\/wp-json\/wp\/v2\/pages"}],"about":[{"href":"https:\/\/li-mac.org\/es\/wp-json\/wp\/v2\/types\/page"}],"author":[{"embeddable":true,"href":"https:\/\/li-mac.org\/es\/wp-json\/wp\/v2\/users\/2"}],"replies":[{"embeddable":true,"href":"https:\/\/li-mac.org\/es\/wp-json\/wp\/v2\/comments?post=5675"}],"version-history":[{"count":8,"href":"https:\/\/li-mac.org\/es\/wp-json\/wp\/v2\/pages\/5675\/revisions"}],"predecessor-version":[{"id":12156,"href":"https:\/\/li-mac.org\/es\/wp-json\/wp\/v2\/pages\/5675\/revisions\/12156"}],"up":[{"embeddable":true,"href":"https:\/\/li-mac.org\/es\/wp-json\/wp\/v2\/pages\/10702"}],"wp:featuredmedia":[{"embeddable":true,"href":"https:\/\/li-mac.org\/es\/wp-json\/wp\/v2\/media\/5469"}],"wp:attachment":[{"href":"https:\/\/li-mac.org\/es\/wp-json\/wp\/v2\/media?parent=5675"}],"curies":[{"name":"wp","href":"https:\/\/api.w.org\/{rel}","templated":true}]}}