{"id":5678,"date":"2011-10-11T10:42:55","date_gmt":"2011-10-11T10:42:55","guid":{"rendered":"http:\/\/li-mac.org\/wp\/?page_id=5678"},"modified":"2012-01-18T15:38:34","modified_gmt":"2012-01-18T15:38:34","slug":"the-gelman-colection-selections","status":"publish","type":"page","link":"https:\/\/li-mac.org\/es\/library\/art-books-mexico\/collections-in-mexico\/the-gelman-colection-selections\/","title":{"rendered":"La Colecci\u00f3n Gelman: Selecciones"},"content":{"rendered":"<p>Esta pintura fue hecha al tama\u00f1o original del cat\u00e1logo de la exposici\u00f3n \u00abLa Colecci\u00f3n Gelman: selecciones\u00bb que tuvo lugar en la Fundaci\u00f3n Vergel en 2004.<\/p>","protected":false},"excerpt":{"rendered":"<p><strong>Biblioteca LiMAC<\/strong><br \/>\n2009<br \/>\n\u00f3leo sobre lienzo<br \/>\n33 x 23,5 x 1,5 cm.<\/p>\n","protected":false},"author":2,"featured_media":5470,"parent":10510,"menu_order":198,"comment_status":"open","ping_status":"open","template":"image.php","meta":{"footnotes":""},"class_list":["post-5678","page","type-page","status-publish","has-post-thumbnail","hentry"],"_links":{"self":[{"href":"https:\/\/li-mac.org\/es\/wp-json\/wp\/v2\/pages\/5678","targetHints":{"allow":["GET"]}}],"collection":[{"href":"https:\/\/li-mac.org\/es\/wp-json\/wp\/v2\/pages"}],"about":[{"href":"https:\/\/li-mac.org\/es\/wp-json\/wp\/v2\/types\/page"}],"author":[{"embeddable":true,"href":"https:\/\/li-mac.org\/es\/wp-json\/wp\/v2\/users\/2"}],"replies":[{"embeddable":true,"href":"https:\/\/li-mac.org\/es\/wp-json\/wp\/v2\/comments?post=5678"}],"version-history":[{"count":4,"href":"https:\/\/li-mac.org\/es\/wp-json\/wp\/v2\/pages\/5678\/revisions"}],"predecessor-version":[{"id":12141,"href":"https:\/\/li-mac.org\/es\/wp-json\/wp\/v2\/pages\/5678\/revisions\/12141"}],"up":[{"embeddable":true,"href":"https:\/\/li-mac.org\/es\/wp-json\/wp\/v2\/pages\/10510"}],"wp:featuredmedia":[{"embeddable":true,"href":"https:\/\/li-mac.org\/es\/wp-json\/wp\/v2\/media\/5470"}],"wp:attachment":[{"href":"https:\/\/li-mac.org\/es\/wp-json\/wp\/v2\/media?parent=5678"}],"curies":[{"name":"wp","href":"https:\/\/api.w.org\/{rel}","templated":true}]}}