{"id":5683,"date":"2011-10-11T11:03:15","date_gmt":"2011-10-11T11:03:15","guid":{"rendered":"http:\/\/li-mac.org\/wp\/?page_id=5683"},"modified":"2012-01-18T14:29:28","modified_gmt":"2012-01-18T14:29:28","slug":"los-dos-amigos-the-two-pals","status":"publish","type":"page","link":"https:\/\/li-mac.org\/es\/library\/art-books-mexico\/mexican-artists\/los-dos-amigos-the-two-pals\/","title":{"rendered":"Los dos amigos"},"content":{"rendered":"<p>Esta pintura fue hecha al tama\u00f1o original del cat\u00e1logo de la exposici\u00f3n \u201cLos dos Amigos\u201d por Abraham Cruzvillegas y Dr. Lakra, que tuvo lugar en el Museo de Arte Contempor\u00e1neo de Oaxaca (MACO). El libro incluye una variedad de impresos publicitarios, recortes de prensa, dibujos, collage de tatuajes, punk, boxeo, pornograf\u00eda. Fue publicado por Mapas editorial en 2006.<\/p>","protected":false},"excerpt":{"rendered":"<p><strong>Biblioteca LiMAC<\/strong><br \/>\n2009<br \/>\n\u00f3leo sobre lienzo<br \/>\n27,5 x  21,5 x 2,5 cm.<\/p>\n","protected":false},"author":2,"featured_media":5467,"parent":5513,"menu_order":1042,"comment_status":"open","ping_status":"open","template":"image.php","meta":{"footnotes":""},"class_list":["post-5683","page","type-page","status-publish","has-post-thumbnail","hentry"],"_links":{"self":[{"href":"https:\/\/li-mac.org\/es\/wp-json\/wp\/v2\/pages\/5683","targetHints":{"allow":["GET"]}}],"collection":[{"href":"https:\/\/li-mac.org\/es\/wp-json\/wp\/v2\/pages"}],"about":[{"href":"https:\/\/li-mac.org\/es\/wp-json\/wp\/v2\/types\/page"}],"author":[{"embeddable":true,"href":"https:\/\/li-mac.org\/es\/wp-json\/wp\/v2\/users\/2"}],"replies":[{"embeddable":true,"href":"https:\/\/li-mac.org\/es\/wp-json\/wp\/v2\/comments?post=5683"}],"version-history":[{"count":5,"href":"https:\/\/li-mac.org\/es\/wp-json\/wp\/v2\/pages\/5683\/revisions"}],"predecessor-version":[{"id":12065,"href":"https:\/\/li-mac.org\/es\/wp-json\/wp\/v2\/pages\/5683\/revisions\/12065"}],"up":[{"embeddable":true,"href":"https:\/\/li-mac.org\/es\/wp-json\/wp\/v2\/pages\/5513"}],"wp:featuredmedia":[{"embeddable":true,"href":"https:\/\/li-mac.org\/es\/wp-json\/wp\/v2\/media\/5467"}],"wp:attachment":[{"href":"https:\/\/li-mac.org\/es\/wp-json\/wp\/v2\/media?parent=5683"}],"curies":[{"name":"wp","href":"https:\/\/api.w.org\/{rel}","templated":true}]}}