{"id":5691,"date":"2011-10-11T11:35:55","date_gmt":"2011-10-11T11:35:55","guid":{"rendered":"http:\/\/li-mac.org\/wp\/?page_id=5691"},"modified":"2012-01-18T14:30:58","modified_gmt":"2012-01-18T14:30:58","slug":"posada-and-the-mexican-broadside","status":"publish","type":"page","link":"https:\/\/li-mac.org\/es\/library\/art-books-mexico\/mexican-artists\/posada-and-the-mexican-broadside\/","title":{"rendered":"Posada &#8211; y los afiches Mexicanos"},"content":{"rendered":"<p>Esta pintura fue hecha al tama\u00f1o original del cat\u00e1logo de la exposici\u00f3n \u201cPosada \u2013 and the Mexican Broadside \u201d que tuvo lugar en el Instituto de Arte de Chicago en 2006.<\/p>","protected":false},"excerpt":{"rendered":"<p><strong>Biblioteca LiMAC<\/strong><br \/>\n2009<br \/>\n\u00f3leo sobre lienzo<br \/>\n21,5 x 24 x 0,5 cm.<\/p>\n","protected":false},"author":2,"featured_media":5472,"parent":5513,"menu_order":1045,"comment_status":"open","ping_status":"open","template":"image.php","meta":{"footnotes":""},"class_list":["post-5691","page","type-page","status-publish","has-post-thumbnail","hentry"],"_links":{"self":[{"href":"https:\/\/li-mac.org\/es\/wp-json\/wp\/v2\/pages\/5691","targetHints":{"allow":["GET"]}}],"collection":[{"href":"https:\/\/li-mac.org\/es\/wp-json\/wp\/v2\/pages"}],"about":[{"href":"https:\/\/li-mac.org\/es\/wp-json\/wp\/v2\/types\/page"}],"author":[{"embeddable":true,"href":"https:\/\/li-mac.org\/es\/wp-json\/wp\/v2\/users\/2"}],"replies":[{"embeddable":true,"href":"https:\/\/li-mac.org\/es\/wp-json\/wp\/v2\/comments?post=5691"}],"version-history":[{"count":3,"href":"https:\/\/li-mac.org\/es\/wp-json\/wp\/v2\/pages\/5691\/revisions"}],"predecessor-version":[{"id":12067,"href":"https:\/\/li-mac.org\/es\/wp-json\/wp\/v2\/pages\/5691\/revisions\/12067"}],"up":[{"embeddable":true,"href":"https:\/\/li-mac.org\/es\/wp-json\/wp\/v2\/pages\/5513"}],"wp:featuredmedia":[{"embeddable":true,"href":"https:\/\/li-mac.org\/es\/wp-json\/wp\/v2\/media\/5472"}],"wp:attachment":[{"href":"https:\/\/li-mac.org\/es\/wp-json\/wp\/v2\/media?parent=5691"}],"curies":[{"name":"wp","href":"https:\/\/api.w.org\/{rel}","templated":true}]}}