{"id":5695,"date":"2011-10-11T11:50:33","date_gmt":"2011-10-11T11:50:33","guid":{"rendered":"http:\/\/li-mac.org\/wp\/?page_id=5695"},"modified":"2012-01-18T15:26:01","modified_gmt":"2012-01-18T15:26:01","slug":"felix-curto","status":"publish","type":"page","link":"https:\/\/li-mac.org\/es\/library\/art-books-mexico\/published-in-mexico\/felix-curto\/","title":{"rendered":"Felix Curto"},"content":{"rendered":"<p>Esta pintura fue hecha al tama\u00f1o original del cat\u00e1logo de la exposici\u00f3n de F\u00e9lix Curto en la Universidad de Salamanca en 2002 y publicado por la galer\u00eda OMR en M\u00e9xico.<\/p>","protected":false},"excerpt":{"rendered":"<p><strong>Biblioteca LiMAC<\/strong><br \/>\n2009<br \/>\n\u00f3leo sobre lienzo<br \/>\n24 x 17 x 1,5 cm.<\/p>\n","protected":false},"author":2,"featured_media":5474,"parent":10506,"menu_order":192,"comment_status":"open","ping_status":"open","template":"image.php","meta":{"footnotes":""},"class_list":["post-5695","page","type-page","status-publish","has-post-thumbnail","hentry"],"_links":{"self":[{"href":"https:\/\/li-mac.org\/es\/wp-json\/wp\/v2\/pages\/5695","targetHints":{"allow":["GET"]}}],"collection":[{"href":"https:\/\/li-mac.org\/es\/wp-json\/wp\/v2\/pages"}],"about":[{"href":"https:\/\/li-mac.org\/es\/wp-json\/wp\/v2\/types\/page"}],"author":[{"embeddable":true,"href":"https:\/\/li-mac.org\/es\/wp-json\/wp\/v2\/users\/2"}],"replies":[{"embeddable":true,"href":"https:\/\/li-mac.org\/es\/wp-json\/wp\/v2\/comments?post=5695"}],"version-history":[{"count":6,"href":"https:\/\/li-mac.org\/es\/wp-json\/wp\/v2\/pages\/5695\/revisions"}],"predecessor-version":[{"id":12124,"href":"https:\/\/li-mac.org\/es\/wp-json\/wp\/v2\/pages\/5695\/revisions\/12124"}],"up":[{"embeddable":true,"href":"https:\/\/li-mac.org\/es\/wp-json\/wp\/v2\/pages\/10506"}],"wp:featuredmedia":[{"embeddable":true,"href":"https:\/\/li-mac.org\/es\/wp-json\/wp\/v2\/media\/5474"}],"wp:attachment":[{"href":"https:\/\/li-mac.org\/es\/wp-json\/wp\/v2\/media?parent=5695"}],"curies":[{"name":"wp","href":"https:\/\/api.w.org\/{rel}","templated":true}]}}