{"id":5701,"date":"2011-10-11T13:47:00","date_gmt":"2011-10-11T13:47:00","guid":{"rendered":"http:\/\/li-mac.org\/wp\/?page_id=5701"},"modified":"2012-01-18T15:30:12","modified_gmt":"2012-01-18T15:30:12","slug":"aqui-y-alla-here-and-there","status":"publish","type":"page","link":"https:\/\/li-mac.org\/es\/library\/art-books-mexico\/mexican-u-s-border\/aqui-y-alla-here-and-there\/","title":{"rendered":"Aqu\u00ed y All\u00e1"},"content":{"rendered":"<p>Esta pintura fue hecha al tama\u00f1o original del cat\u00e1logo de exposici\u00f3n \u00abAqu\u00ed y All\u00e1\u00bb, que tuvo lugar en la galer\u00eda de arte de Los \u00c1ngeles Municipal en 1990.<\/p>","protected":false},"excerpt":{"rendered":"<p><strong>Biblioteca LiMAC<\/strong><br \/>\n2009<br \/>\n\u00f3leo sobre lienzo<br \/>\n27,5 x 20,5 x 0,5 cm.<\/p>\n","protected":false},"author":2,"featured_media":5476,"parent":10516,"menu_order":192,"comment_status":"open","ping_status":"open","template":"image.php","meta":{"footnotes":""},"class_list":["post-5701","page","type-page","status-publish","has-post-thumbnail","hentry"],"_links":{"self":[{"href":"https:\/\/li-mac.org\/es\/wp-json\/wp\/v2\/pages\/5701","targetHints":{"allow":["GET"]}}],"collection":[{"href":"https:\/\/li-mac.org\/es\/wp-json\/wp\/v2\/pages"}],"about":[{"href":"https:\/\/li-mac.org\/es\/wp-json\/wp\/v2\/types\/page"}],"author":[{"embeddable":true,"href":"https:\/\/li-mac.org\/es\/wp-json\/wp\/v2\/users\/2"}],"replies":[{"embeddable":true,"href":"https:\/\/li-mac.org\/es\/wp-json\/wp\/v2\/comments?post=5701"}],"version-history":[{"count":4,"href":"https:\/\/li-mac.org\/es\/wp-json\/wp\/v2\/pages\/5701\/revisions"}],"predecessor-version":[{"id":12130,"href":"https:\/\/li-mac.org\/es\/wp-json\/wp\/v2\/pages\/5701\/revisions\/12130"}],"up":[{"embeddable":true,"href":"https:\/\/li-mac.org\/es\/wp-json\/wp\/v2\/pages\/10516"}],"wp:featuredmedia":[{"embeddable":true,"href":"https:\/\/li-mac.org\/es\/wp-json\/wp\/v2\/media\/5476"}],"wp:attachment":[{"href":"https:\/\/li-mac.org\/es\/wp-json\/wp\/v2\/media?parent=5701"}],"curies":[{"name":"wp","href":"https:\/\/api.w.org\/{rel}","templated":true}]}}