{"id":5703,"date":"2011-10-11T13:59:40","date_gmt":"2011-10-11T13:59:40","guid":{"rendered":"http:\/\/li-mac.org\/wp\/?page_id=5703"},"modified":"2012-01-18T15:39:25","modified_gmt":"2012-01-18T15:39:25","slug":"mexico-expected-unexpected","status":"publish","type":"page","link":"https:\/\/li-mac.org\/es\/library\/art-books-mexico\/collections-in-mexico\/mexico-expected-unexpected\/","title":{"rendered":"M\u00e9xico esperado inesperado (M\u00e9xico Expected Unexpected)"},"content":{"rendered":"<p>Esta pintura fue hecha al tama\u00f1o original del cat\u00e1logo de la exposici\u00f3n \u00abM\u00e9xico expected unexpected\u00bb donde se expuso una parte de la Colecci\u00f3n Coppel en la Maison Rouge de Par\u00eds en 2008.<\/p>","protected":false},"excerpt":{"rendered":"<p><strong>Biblioteca LiMAC<\/strong><br \/>\n2009<br \/>\n\u00f3leo sobre lienzo<br \/>\n22 x 16 x 1,5 cm.<\/p>\n","protected":false},"author":2,"featured_media":5482,"parent":10510,"menu_order":200,"comment_status":"open","ping_status":"open","template":"image.php","meta":{"footnotes":""},"class_list":["post-5703","page","type-page","status-publish","has-post-thumbnail","hentry"],"_links":{"self":[{"href":"https:\/\/li-mac.org\/es\/wp-json\/wp\/v2\/pages\/5703","targetHints":{"allow":["GET"]}}],"collection":[{"href":"https:\/\/li-mac.org\/es\/wp-json\/wp\/v2\/pages"}],"about":[{"href":"https:\/\/li-mac.org\/es\/wp-json\/wp\/v2\/types\/page"}],"author":[{"embeddable":true,"href":"https:\/\/li-mac.org\/es\/wp-json\/wp\/v2\/users\/2"}],"replies":[{"embeddable":true,"href":"https:\/\/li-mac.org\/es\/wp-json\/wp\/v2\/comments?post=5703"}],"version-history":[{"count":7,"href":"https:\/\/li-mac.org\/es\/wp-json\/wp\/v2\/pages\/5703\/revisions"}],"predecessor-version":[{"id":12142,"href":"https:\/\/li-mac.org\/es\/wp-json\/wp\/v2\/pages\/5703\/revisions\/12142"}],"up":[{"embeddable":true,"href":"https:\/\/li-mac.org\/es\/wp-json\/wp\/v2\/pages\/10510"}],"wp:featuredmedia":[{"embeddable":true,"href":"https:\/\/li-mac.org\/es\/wp-json\/wp\/v2\/media\/5482"}],"wp:attachment":[{"href":"https:\/\/li-mac.org\/es\/wp-json\/wp\/v2\/media?parent=5703"}],"curies":[{"name":"wp","href":"https:\/\/api.w.org\/{rel}","templated":true}]}}