{"id":5715,"date":"2011-10-11T15:14:29","date_gmt":"2011-10-11T15:14:29","guid":{"rendered":"http:\/\/li-mac.org\/wp\/?page_id=5715"},"modified":"2012-01-18T15:31:39","modified_gmt":"2012-01-18T15:31:39","slug":"dark-mirror","status":"publish","type":"page","link":"https:\/\/li-mac.org\/es\/library\/art-books-mexico\/mexican-artists\/dark-mirror\/","title":{"rendered":"Dark Mirror (espejo oscuro)"},"content":{"rendered":"<p>Esta pintura fue hecha al tama\u00f1o original del cat\u00e1logo de la exposici\u00f3n \u00abDark Mirror\u00bb de Carlos Amorales que fue publicado por <em>Daros<\/em> en 2007.<\/p>","protected":false},"excerpt":{"rendered":"<p><strong>Biblioteca LiMAC<\/strong><br \/>\n2009<br \/>\n\u00f3leo sobre lienzo<br \/>\n26,5 x 20, 5 x 1,5 cm.<\/p>\n","protected":false},"author":2,"featured_media":5479,"parent":5513,"menu_order":1063,"comment_status":"open","ping_status":"open","template":"image.php","meta":{"footnotes":""},"class_list":["post-5715","page","type-page","status-publish","has-post-thumbnail","hentry"],"_links":{"self":[{"href":"https:\/\/li-mac.org\/es\/wp-json\/wp\/v2\/pages\/5715","targetHints":{"allow":["GET"]}}],"collection":[{"href":"https:\/\/li-mac.org\/es\/wp-json\/wp\/v2\/pages"}],"about":[{"href":"https:\/\/li-mac.org\/es\/wp-json\/wp\/v2\/types\/page"}],"author":[{"embeddable":true,"href":"https:\/\/li-mac.org\/es\/wp-json\/wp\/v2\/users\/2"}],"replies":[{"embeddable":true,"href":"https:\/\/li-mac.org\/es\/wp-json\/wp\/v2\/comments?post=5715"}],"version-history":[{"count":6,"href":"https:\/\/li-mac.org\/es\/wp-json\/wp\/v2\/pages\/5715\/revisions"}],"predecessor-version":[{"id":12132,"href":"https:\/\/li-mac.org\/es\/wp-json\/wp\/v2\/pages\/5715\/revisions\/12132"}],"up":[{"embeddable":true,"href":"https:\/\/li-mac.org\/es\/wp-json\/wp\/v2\/pages\/5513"}],"wp:featuredmedia":[{"embeddable":true,"href":"https:\/\/li-mac.org\/es\/wp-json\/wp\/v2\/media\/5479"}],"wp:attachment":[{"href":"https:\/\/li-mac.org\/es\/wp-json\/wp\/v2\/media?parent=5715"}],"curies":[{"name":"wp","href":"https:\/\/api.w.org\/{rel}","templated":true}]}}