{"id":5718,"date":"2011-10-11T15:33:23","date_gmt":"2011-10-11T15:33:23","guid":{"rendered":"http:\/\/li-mac.org\/wp\/?page_id=5718"},"modified":"2012-01-18T15:32:55","modified_gmt":"2012-01-18T15:32:55","slug":"ubiquities-and-artifacts","status":"publish","type":"page","link":"https:\/\/li-mac.org\/es\/library\/art-books-mexico\/published-in-mexico\/ubiquities-and-artifacts\/","title":{"rendered":"Ubicuidades y Artificios"},"content":{"rendered":"<p>Esta pintura fue hecha al tama\u00f1o original del cat\u00e1logo de la exposici\u00f3n \u00abUbicuidades y Artificios\u00bb de Peter Greenway que tuvo lugar en el Museo Tamayo de M\u00e9xico en 1997.<\/p>","protected":false},"excerpt":{"rendered":"<p><strong>Biblioteca LiMAC<\/strong><br \/>\n2009<br \/>\n\u00f3leo sobre lienzo<br \/>\n24,5 x 20 x 1 cm.<\/p>\n","protected":false},"author":2,"featured_media":5480,"parent":10506,"menu_order":203,"comment_status":"open","ping_status":"open","template":"image.php","meta":{"footnotes":""},"class_list":["post-5718","page","type-page","status-publish","has-post-thumbnail","hentry"],"_links":{"self":[{"href":"https:\/\/li-mac.org\/es\/wp-json\/wp\/v2\/pages\/5718","targetHints":{"allow":["GET"]}}],"collection":[{"href":"https:\/\/li-mac.org\/es\/wp-json\/wp\/v2\/pages"}],"about":[{"href":"https:\/\/li-mac.org\/es\/wp-json\/wp\/v2\/types\/page"}],"author":[{"embeddable":true,"href":"https:\/\/li-mac.org\/es\/wp-json\/wp\/v2\/users\/2"}],"replies":[{"embeddable":true,"href":"https:\/\/li-mac.org\/es\/wp-json\/wp\/v2\/comments?post=5718"}],"version-history":[{"count":5,"href":"https:\/\/li-mac.org\/es\/wp-json\/wp\/v2\/pages\/5718\/revisions"}],"predecessor-version":[{"id":12134,"href":"https:\/\/li-mac.org\/es\/wp-json\/wp\/v2\/pages\/5718\/revisions\/12134"}],"up":[{"embeddable":true,"href":"https:\/\/li-mac.org\/es\/wp-json\/wp\/v2\/pages\/10506"}],"wp:featuredmedia":[{"embeddable":true,"href":"https:\/\/li-mac.org\/es\/wp-json\/wp\/v2\/media\/5480"}],"wp:attachment":[{"href":"https:\/\/li-mac.org\/es\/wp-json\/wp\/v2\/media?parent=5718"}],"curies":[{"name":"wp","href":"https:\/\/api.w.org\/{rel}","templated":true}]}}