{"id":5722,"date":"2011-10-11T15:50:30","date_gmt":"2011-10-11T15:50:30","guid":{"rendered":"http:\/\/li-mac.org\/wp\/?page_id=5722"},"modified":"2012-01-18T15:23:27","modified_gmt":"2012-01-18T15:23:27","slug":"anarchitecture-anarquitectonicos","status":"publish","type":"page","link":"https:\/\/li-mac.org\/es\/library\/art-books-mexico\/published-in-mexico\/anarchitecture-anarquitectonicos\/","title":{"rendered":"Anarquitect\u00f3nicos"},"content":{"rendered":"<p>Esta pintura fue hecha al tama\u00f1o original del cat\u00e1logo de la exposici\u00f3n \u201cAnarquitect\u00f3nicos\u201d de Gordon Matta-Clark que tuvo lugar en el Museo Tamayo de M\u00e9xico en 2003.<\/p>","protected":false},"excerpt":{"rendered":"<p><strong>Biblioteca LiMAC<\/strong><br \/>\n2009<br \/>\n\u00f3leo sobre lienzo<br \/>\n14 x  21,5 x 1 cm.<\/p>\n","protected":false},"author":2,"featured_media":5483,"parent":10506,"menu_order":0,"comment_status":"open","ping_status":"open","template":"image.php","meta":{"footnotes":""},"class_list":["post-5722","page","type-page","status-publish","has-post-thumbnail","hentry"],"_links":{"self":[{"href":"https:\/\/li-mac.org\/es\/wp-json\/wp\/v2\/pages\/5722","targetHints":{"allow":["GET"]}}],"collection":[{"href":"https:\/\/li-mac.org\/es\/wp-json\/wp\/v2\/pages"}],"about":[{"href":"https:\/\/li-mac.org\/es\/wp-json\/wp\/v2\/types\/page"}],"author":[{"embeddable":true,"href":"https:\/\/li-mac.org\/es\/wp-json\/wp\/v2\/users\/2"}],"replies":[{"embeddable":true,"href":"https:\/\/li-mac.org\/es\/wp-json\/wp\/v2\/comments?post=5722"}],"version-history":[{"count":5,"href":"https:\/\/li-mac.org\/es\/wp-json\/wp\/v2\/pages\/5722\/revisions"}],"predecessor-version":[{"id":12115,"href":"https:\/\/li-mac.org\/es\/wp-json\/wp\/v2\/pages\/5722\/revisions\/12115"}],"up":[{"embeddable":true,"href":"https:\/\/li-mac.org\/es\/wp-json\/wp\/v2\/pages\/10506"}],"wp:featuredmedia":[{"embeddable":true,"href":"https:\/\/li-mac.org\/es\/wp-json\/wp\/v2\/media\/5483"}],"wp:attachment":[{"href":"https:\/\/li-mac.org\/es\/wp-json\/wp\/v2\/media?parent=5722"}],"curies":[{"name":"wp","href":"https:\/\/api.w.org\/{rel}","templated":true}]}}