{"id":5724,"date":"2011-10-11T16:15:07","date_gmt":"2011-10-11T16:15:07","guid":{"rendered":"http:\/\/li-mac.org\/wp\/?page_id=5724"},"modified":"2012-01-18T15:18:57","modified_gmt":"2012-01-18T15:18:57","slug":"pasiones-per-la-vita","status":"publish","type":"page","link":"https:\/\/li-mac.org\/es\/library\/art-books-mexico\/colective-exhibitions-on-mexican-art\/pasiones-per-la-vita\/","title":{"rendered":"Pasiones per la Vita"},"content":{"rendered":"<p>Esta pintura fue hecha al tama\u00f1o original del cat\u00e1logo de la exposici\u00f3n \u201cPasiones per la Vita\u201d que tuvo lugar en N\u00e1poles.<\/p>","protected":false},"excerpt":{"rendered":"<p><strong>Biblioteca LiMAC<\/strong><br \/>\n2009<br \/>\n\u00f3leo sobre lienzo<br \/>\n33 x 24,5 x 2 cm.<\/p>\n","protected":false},"author":2,"featured_media":5484,"parent":5518,"menu_order":1067,"comment_status":"open","ping_status":"open","template":"image.php","meta":{"footnotes":""},"class_list":["post-5724","page","type-page","status-publish","has-post-thumbnail","hentry"],"_links":{"self":[{"href":"https:\/\/li-mac.org\/es\/wp-json\/wp\/v2\/pages\/5724","targetHints":{"allow":["GET"]}}],"collection":[{"href":"https:\/\/li-mac.org\/es\/wp-json\/wp\/v2\/pages"}],"about":[{"href":"https:\/\/li-mac.org\/es\/wp-json\/wp\/v2\/types\/page"}],"author":[{"embeddable":true,"href":"https:\/\/li-mac.org\/es\/wp-json\/wp\/v2\/users\/2"}],"replies":[{"embeddable":true,"href":"https:\/\/li-mac.org\/es\/wp-json\/wp\/v2\/comments?post=5724"}],"version-history":[{"count":4,"href":"https:\/\/li-mac.org\/es\/wp-json\/wp\/v2\/pages\/5724\/revisions"}],"predecessor-version":[{"id":12112,"href":"https:\/\/li-mac.org\/es\/wp-json\/wp\/v2\/pages\/5724\/revisions\/12112"}],"up":[{"embeddable":true,"href":"https:\/\/li-mac.org\/es\/wp-json\/wp\/v2\/pages\/5518"}],"wp:featuredmedia":[{"embeddable":true,"href":"https:\/\/li-mac.org\/es\/wp-json\/wp\/v2\/media\/5484"}],"wp:attachment":[{"href":"https:\/\/li-mac.org\/es\/wp-json\/wp\/v2\/media?parent=5724"}],"curies":[{"name":"wp","href":"https:\/\/api.w.org\/{rel}","templated":true}]}}