{"id":5727,"date":"2011-10-11T16:40:36","date_gmt":"2011-10-11T16:40:36","guid":{"rendered":"http:\/\/li-mac.org\/wp\/?page_id=5727"},"modified":"2012-01-18T15:29:33","modified_gmt":"2012-01-18T15:29:33","slug":"situational-public-05","status":"publish","type":"page","link":"https:\/\/li-mac.org\/es\/library\/art-books-mexico\/mexican-u-s-border\/situational-public-05\/","title":{"rendered":"P\u00fablico situacional 05  (Situational Public 05 )"},"content":{"rendered":"<p>Esta pintura est\u00e1 hecha en el formato original del cat\u00e1logo de la exposici\u00f3n \u00abSituational Public 05\u00bb. El libro re\u00fane los proyectos de los artistas que trabajaron en la frontera entre San Diego y Tijuana utilizando este espacio urbano como espacio de trabajo. Fue publicado en 2006 por Installation Gallery.<\/p>","protected":false},"excerpt":{"rendered":"<p><strong>Biblioteca LiMAC<\/strong><br \/>\n2009<br \/>\n\u00f3leo sobre lienzo<br \/>\n25,5 x 21 x 3 cm.<\/p>\n","protected":false},"author":2,"featured_media":5486,"parent":10516,"menu_order":185,"comment_status":"open","ping_status":"open","template":"image.php","meta":{"footnotes":""},"class_list":["post-5727","page","type-page","status-publish","has-post-thumbnail","hentry"],"_links":{"self":[{"href":"https:\/\/li-mac.org\/es\/wp-json\/wp\/v2\/pages\/5727","targetHints":{"allow":["GET"]}}],"collection":[{"href":"https:\/\/li-mac.org\/es\/wp-json\/wp\/v2\/pages"}],"about":[{"href":"https:\/\/li-mac.org\/es\/wp-json\/wp\/v2\/types\/page"}],"author":[{"embeddable":true,"href":"https:\/\/li-mac.org\/es\/wp-json\/wp\/v2\/users\/2"}],"replies":[{"embeddable":true,"href":"https:\/\/li-mac.org\/es\/wp-json\/wp\/v2\/comments?post=5727"}],"version-history":[{"count":5,"href":"https:\/\/li-mac.org\/es\/wp-json\/wp\/v2\/pages\/5727\/revisions"}],"predecessor-version":[{"id":5729,"href":"https:\/\/li-mac.org\/es\/wp-json\/wp\/v2\/pages\/5727\/revisions\/5729"}],"up":[{"embeddable":true,"href":"https:\/\/li-mac.org\/es\/wp-json\/wp\/v2\/pages\/10516"}],"wp:featuredmedia":[{"embeddable":true,"href":"https:\/\/li-mac.org\/es\/wp-json\/wp\/v2\/media\/5486"}],"wp:attachment":[{"href":"https:\/\/li-mac.org\/es\/wp-json\/wp\/v2\/media?parent=5727"}],"curies":[{"name":"wp","href":"https:\/\/api.w.org\/{rel}","templated":true}]}}