{"id":5730,"date":"2011-10-11T16:45:58","date_gmt":"2011-10-11T16:45:58","guid":{"rendered":"http:\/\/li-mac.org\/wp\/?page_id=5730"},"modified":"2012-01-18T15:32:34","modified_gmt":"2012-01-18T15:32:34","slug":"mobility-in-contemporary-mexican-art","status":"publish","type":"page","link":"https:\/\/li-mac.org\/es\/library\/art-books-mexico\/mexican-u-s-border\/mobility-in-contemporary-mexican-art\/","title":{"rendered":"Moi et ma circonstance &#8211; Movilidad en el arte contempor\u00e1neo Mexicano"},"content":{"rendered":"<p>Esta pintura fue hecha al tama\u00f1o original del cat\u00e1logo de la exposici\u00f3n \u00abMoi et ma circonstance &#8211; Movilidad en el Arte Contempor\u00e1neo Mexicano\u00bb. Si usted tiene alguna informaci\u00f3n acerca de esta exposici\u00f3n, por favor p\u00f3ngase en contacto con nosotros.<\/p>","protected":false},"excerpt":{"rendered":"<p><strong>Biblioteca LiMAC<\/strong><br \/>\n2009<br \/>\n\u00f3leo sobre lienzo<br \/>\n25 x 18 x 1,5 cm.<\/p>\n","protected":false},"author":2,"featured_media":5495,"parent":10516,"menu_order":200,"comment_status":"open","ping_status":"open","template":"image.php","meta":{"footnotes":""},"class_list":["post-5730","page","type-page","status-publish","has-post-thumbnail","hentry"],"_links":{"self":[{"href":"https:\/\/li-mac.org\/es\/wp-json\/wp\/v2\/pages\/5730","targetHints":{"allow":["GET"]}}],"collection":[{"href":"https:\/\/li-mac.org\/es\/wp-json\/wp\/v2\/pages"}],"about":[{"href":"https:\/\/li-mac.org\/es\/wp-json\/wp\/v2\/types\/page"}],"author":[{"embeddable":true,"href":"https:\/\/li-mac.org\/es\/wp-json\/wp\/v2\/users\/2"}],"replies":[{"embeddable":true,"href":"https:\/\/li-mac.org\/es\/wp-json\/wp\/v2\/comments?post=5730"}],"version-history":[{"count":8,"href":"https:\/\/li-mac.org\/es\/wp-json\/wp\/v2\/pages\/5730\/revisions"}],"predecessor-version":[{"id":12133,"href":"https:\/\/li-mac.org\/es\/wp-json\/wp\/v2\/pages\/5730\/revisions\/12133"}],"up":[{"embeddable":true,"href":"https:\/\/li-mac.org\/es\/wp-json\/wp\/v2\/pages\/10516"}],"wp:featuredmedia":[{"embeddable":true,"href":"https:\/\/li-mac.org\/es\/wp-json\/wp\/v2\/media\/5495"}],"wp:attachment":[{"href":"https:\/\/li-mac.org\/es\/wp-json\/wp\/v2\/media?parent=5730"}],"curies":[{"name":"wp","href":"https:\/\/api.w.org\/{rel}","templated":true}]}}