{"id":5733,"date":"2011-10-11T16:54:37","date_gmt":"2011-10-11T16:54:37","guid":{"rendered":"http:\/\/li-mac.org\/wp\/?page_id=5733"},"modified":"2012-01-15T13:17:04","modified_gmt":"2012-01-15T13:17:04","slug":"terra-incognita","status":"publish","type":"page","link":"https:\/\/li-mac.org\/es\/library\/art-books-mexico\/mexican-artists\/terra-incognita\/","title":{"rendered":"Terra inc\u00f3gnita"},"content":{"rendered":"<p>Esta pintura fue hecha al tama\u00f1o original del cat\u00e1logo de la exposici\u00f3n \u00abTerra Inc\u00f3gnita\u00bb de Laura Anderson Barbata que tuvo lugar en el Ex Teresa Arte Actual en M\u00e9xico en 2003.<\/p>","protected":false},"excerpt":{"rendered":"<p><strong>Biblioteca LiMAC<\/strong><br \/>\n2009<br \/>\n\u00f3leo sobre lienzo<br \/>\n24 x 18,5 x 1 cm.<\/p>\n","protected":false},"author":2,"featured_media":5485,"parent":5513,"menu_order":1077,"comment_status":"open","ping_status":"open","template":"image.php","meta":{"footnotes":""},"class_list":["post-5733","page","type-page","status-publish","has-post-thumbnail","hentry"],"_links":{"self":[{"href":"https:\/\/li-mac.org\/es\/wp-json\/wp\/v2\/pages\/5733","targetHints":{"allow":["GET"]}}],"collection":[{"href":"https:\/\/li-mac.org\/es\/wp-json\/wp\/v2\/pages"}],"about":[{"href":"https:\/\/li-mac.org\/es\/wp-json\/wp\/v2\/types\/page"}],"author":[{"embeddable":true,"href":"https:\/\/li-mac.org\/es\/wp-json\/wp\/v2\/users\/2"}],"replies":[{"embeddable":true,"href":"https:\/\/li-mac.org\/es\/wp-json\/wp\/v2\/comments?post=5733"}],"version-history":[{"count":2,"href":"https:\/\/li-mac.org\/es\/wp-json\/wp\/v2\/pages\/5733\/revisions"}],"predecessor-version":[{"id":10631,"href":"https:\/\/li-mac.org\/es\/wp-json\/wp\/v2\/pages\/5733\/revisions\/10631"}],"up":[{"embeddable":true,"href":"https:\/\/li-mac.org\/es\/wp-json\/wp\/v2\/pages\/5513"}],"wp:featuredmedia":[{"embeddable":true,"href":"https:\/\/li-mac.org\/es\/wp-json\/wp\/v2\/media\/5485"}],"wp:attachment":[{"href":"https:\/\/li-mac.org\/es\/wp-json\/wp\/v2\/media?parent=5733"}],"curies":[{"name":"wp","href":"https:\/\/api.w.org\/{rel}","templated":true}]}}