{"id":5735,"date":"2011-10-11T17:01:07","date_gmt":"2011-10-11T17:01:07","guid":{"rendered":"http:\/\/li-mac.org\/wp\/?page_id=5735"},"modified":"2012-01-18T15:35:08","modified_gmt":"2012-01-18T15:35:08","slug":"workshop-and-exhibition","status":"publish","type":"page","link":"https:\/\/li-mac.org\/es\/library\/art-books-mexico\/mexican-artists\/workshop-and-exhibition\/","title":{"rendered":"Taller y exposici\u00f3n"},"content":{"rendered":"<p>Esta pintura fue hecha al tama\u00f1o original del cat\u00e1logo de la exposici\u00f3n de Gabriel Orozco que tuvo lugar en la Villa Iris de la Fundaci\u00f3n Bot\u00edn en 2005. La publicaci\u00f3n incluye informaci\u00f3n sobre el taller que dirigi\u00f3 el artista as\u00ed como sobre la exposici\u00f3n de su obra.<\/p>","protected":false},"excerpt":{"rendered":"<p><strong>Biblioteca LiMAC<\/strong><br \/>\n2009<br \/>\n\u00f3leo sobre lienzo<br \/>\n27 x 20 x 2,5 cm.<\/p>\n","protected":false},"author":2,"featured_media":5490,"parent":5513,"menu_order":1080,"comment_status":"open","ping_status":"open","template":"image.php","meta":{"footnotes":""},"class_list":["post-5735","page","type-page","status-publish","has-post-thumbnail","hentry"],"_links":{"self":[{"href":"https:\/\/li-mac.org\/es\/wp-json\/wp\/v2\/pages\/5735","targetHints":{"allow":["GET"]}}],"collection":[{"href":"https:\/\/li-mac.org\/es\/wp-json\/wp\/v2\/pages"}],"about":[{"href":"https:\/\/li-mac.org\/es\/wp-json\/wp\/v2\/types\/page"}],"author":[{"embeddable":true,"href":"https:\/\/li-mac.org\/es\/wp-json\/wp\/v2\/users\/2"}],"replies":[{"embeddable":true,"href":"https:\/\/li-mac.org\/es\/wp-json\/wp\/v2\/comments?post=5735"}],"version-history":[{"count":6,"href":"https:\/\/li-mac.org\/es\/wp-json\/wp\/v2\/pages\/5735\/revisions"}],"predecessor-version":[{"id":12137,"href":"https:\/\/li-mac.org\/es\/wp-json\/wp\/v2\/pages\/5735\/revisions\/12137"}],"up":[{"embeddable":true,"href":"https:\/\/li-mac.org\/es\/wp-json\/wp\/v2\/pages\/5513"}],"wp:featuredmedia":[{"embeddable":true,"href":"https:\/\/li-mac.org\/es\/wp-json\/wp\/v2\/media\/5490"}],"wp:attachment":[{"href":"https:\/\/li-mac.org\/es\/wp-json\/wp\/v2\/media?parent=5735"}],"curies":[{"name":"wp","href":"https:\/\/api.w.org\/{rel}","templated":true}]}}