{"id":5738,"date":"2011-10-11T17:08:44","date_gmt":"2011-10-11T17:08:44","guid":{"rendered":"http:\/\/li-mac.org\/wp\/?page_id=5738"},"modified":"2012-01-18T14:34:35","modified_gmt":"2012-01-18T14:34:35","slug":"paracaidista-paratrooper","status":"publish","type":"page","link":"https:\/\/li-mac.org\/es\/library\/art-books-mexico\/mexican-artists\/paracaidista-paratrooper\/","title":{"rendered":"Paracaidista"},"content":{"rendered":"<p>Esta pintura fue hecha al tama\u00f1o original del cat\u00e1logo de la exposici\u00f3n \u00abParacaidista\u00bb de H\u00e9ctor Zamora que tuvo lugar en el Museo Carrillo Gil de M\u00e9xico en 2004.<\/p>","protected":false},"excerpt":{"rendered":"<p><strong>Biblioteca LiMAC<\/strong><br \/>\n2009<br \/>\n\u00f3leo sobre lienzo<br \/>\n22 x 27,5 x 1 cm.<\/p>\n","protected":false},"author":2,"featured_media":5488,"parent":5513,"menu_order":1081,"comment_status":"open","ping_status":"open","template":"image.php","meta":{"footnotes":""},"class_list":["post-5738","page","type-page","status-publish","has-post-thumbnail","hentry"],"_links":{"self":[{"href":"https:\/\/li-mac.org\/es\/wp-json\/wp\/v2\/pages\/5738","targetHints":{"allow":["GET"]}}],"collection":[{"href":"https:\/\/li-mac.org\/es\/wp-json\/wp\/v2\/pages"}],"about":[{"href":"https:\/\/li-mac.org\/es\/wp-json\/wp\/v2\/types\/page"}],"author":[{"embeddable":true,"href":"https:\/\/li-mac.org\/es\/wp-json\/wp\/v2\/users\/2"}],"replies":[{"embeddable":true,"href":"https:\/\/li-mac.org\/es\/wp-json\/wp\/v2\/comments?post=5738"}],"version-history":[{"count":4,"href":"https:\/\/li-mac.org\/es\/wp-json\/wp\/v2\/pages\/5738\/revisions"}],"predecessor-version":[{"id":18034,"href":"https:\/\/li-mac.org\/es\/wp-json\/wp\/v2\/pages\/5738\/revisions\/18034"}],"up":[{"embeddable":true,"href":"https:\/\/li-mac.org\/es\/wp-json\/wp\/v2\/pages\/5513"}],"wp:featuredmedia":[{"embeddable":true,"href":"https:\/\/li-mac.org\/es\/wp-json\/wp\/v2\/media\/5488"}],"wp:attachment":[{"href":"https:\/\/li-mac.org\/es\/wp-json\/wp\/v2\/media?parent=5738"}],"curies":[{"name":"wp","href":"https:\/\/api.w.org\/{rel}","templated":true}]}}