{"id":5742,"date":"2011-10-11T17:22:39","date_gmt":"2011-10-11T17:22:39","guid":{"rendered":"http:\/\/li-mac.org\/wp\/?page_id=5742"},"modified":"2012-01-18T15:08:50","modified_gmt":"2012-01-18T15:08:50","slug":"simbolos-fantasmas-y-afectos-symbols-ghosts-and-affections","status":"publish","type":"page","link":"https:\/\/li-mac.org\/es\/library\/art-books-mexico\/colective-exhibitions-on-mexican-art\/simbolos-fantasmas-y-afectos-symbols-ghosts-and-affections\/","title":{"rendered":"S\u00edmbolos, fantasmas y afectos"},"content":{"rendered":"<p>Esta pintura fue hecha al tama\u00f1o original de la tesis S\u00edmbolos, Fantasmas y Afectos\u00bb de Jos\u00e9 Luis Barrios. El libro analiza la obra de seis artistas mexicanos (SEMEFO, M. Lara, G. Suter, C. Amorales, M. Palau, S. Gruner). Fue publicado en 2007.<\/p>","protected":false},"excerpt":{"rendered":"<p><strong>Biblioteca LiMAC<\/strong><br \/>\n2009<br \/>\n\u00f3leo sobre lienzo<br \/>\n20 x 20 x 1 cm.<\/p>\n","protected":false},"author":2,"featured_media":5491,"parent":5518,"menu_order":943,"comment_status":"open","ping_status":"open","template":"image.php","meta":{"footnotes":""},"class_list":["post-5742","page","type-page","status-publish","has-post-thumbnail","hentry"],"_links":{"self":[{"href":"https:\/\/li-mac.org\/es\/wp-json\/wp\/v2\/pages\/5742","targetHints":{"allow":["GET"]}}],"collection":[{"href":"https:\/\/li-mac.org\/es\/wp-json\/wp\/v2\/pages"}],"about":[{"href":"https:\/\/li-mac.org\/es\/wp-json\/wp\/v2\/types\/page"}],"author":[{"embeddable":true,"href":"https:\/\/li-mac.org\/es\/wp-json\/wp\/v2\/users\/2"}],"replies":[{"embeddable":true,"href":"https:\/\/li-mac.org\/es\/wp-json\/wp\/v2\/comments?post=5742"}],"version-history":[{"count":5,"href":"https:\/\/li-mac.org\/es\/wp-json\/wp\/v2\/pages\/5742\/revisions"}],"predecessor-version":[{"id":12094,"href":"https:\/\/li-mac.org\/es\/wp-json\/wp\/v2\/pages\/5742\/revisions\/12094"}],"up":[{"embeddable":true,"href":"https:\/\/li-mac.org\/es\/wp-json\/wp\/v2\/pages\/5518"}],"wp:featuredmedia":[{"embeddable":true,"href":"https:\/\/li-mac.org\/es\/wp-json\/wp\/v2\/media\/5491"}],"wp:attachment":[{"href":"https:\/\/li-mac.org\/es\/wp-json\/wp\/v2\/media?parent=5742"}],"curies":[{"name":"wp","href":"https:\/\/api.w.org\/{rel}","templated":true}]}}