{"id":5745,"date":"2011-10-11T17:26:37","date_gmt":"2011-10-11T17:26:37","guid":{"rendered":"http:\/\/li-mac.org\/wp\/?page_id=5745"},"modified":"2012-01-15T13:50:48","modified_gmt":"2012-01-15T13:50:48","slug":"aktuelle-kunst-aus-mx","status":"publish","type":"page","link":"https:\/\/li-mac.org\/es\/library\/art-books-mexico\/colective-exhibitions-on-mexican-art\/aktuelle-kunst-aus-mx\/","title":{"rendered":"Aktuelle Kunst Aus MX"},"content":{"rendered":"<p><\/p>\n<div dir=\"ltr\">Esta pintura fue hecha al tama\u00f1o original del cat\u00e1logo de la exposici\u00f3n \u00abKunst Aktuelle Aus MX\u00bb.<\/div>\n<p><\/p>","protected":false},"excerpt":{"rendered":"<p><strong>Biblioteca LiMAC<\/strong><br \/>\n2009<br \/>\n\u00f3leo sobre lienzo<br \/>\n23 x 21 x 0,5 cm.<\/p>\n","protected":false},"author":2,"featured_media":5493,"parent":5518,"menu_order":1000,"comment_status":"open","ping_status":"open","template":"image.php","meta":{"footnotes":""},"class_list":["post-5745","page","type-page","status-publish","has-post-thumbnail","hentry"],"_links":{"self":[{"href":"https:\/\/li-mac.org\/es\/wp-json\/wp\/v2\/pages\/5745","targetHints":{"allow":["GET"]}}],"collection":[{"href":"https:\/\/li-mac.org\/es\/wp-json\/wp\/v2\/pages"}],"about":[{"href":"https:\/\/li-mac.org\/es\/wp-json\/wp\/v2\/types\/page"}],"author":[{"embeddable":true,"href":"https:\/\/li-mac.org\/es\/wp-json\/wp\/v2\/users\/2"}],"replies":[{"embeddable":true,"href":"https:\/\/li-mac.org\/es\/wp-json\/wp\/v2\/comments?post=5745"}],"version-history":[{"count":3,"href":"https:\/\/li-mac.org\/es\/wp-json\/wp\/v2\/pages\/5745\/revisions"}],"predecessor-version":[{"id":10647,"href":"https:\/\/li-mac.org\/es\/wp-json\/wp\/v2\/pages\/5745\/revisions\/10647"}],"up":[{"embeddable":true,"href":"https:\/\/li-mac.org\/es\/wp-json\/wp\/v2\/pages\/5518"}],"wp:featuredmedia":[{"embeddable":true,"href":"https:\/\/li-mac.org\/es\/wp-json\/wp\/v2\/media\/5493"}],"wp:attachment":[{"href":"https:\/\/li-mac.org\/es\/wp-json\/wp\/v2\/media?parent=5745"}],"curies":[{"name":"wp","href":"https:\/\/api.w.org\/{rel}","templated":true}]}}