{"id":5751,"date":"2011-10-11T17:39:06","date_gmt":"2011-10-11T17:39:06","guid":{"rendered":"http:\/\/li-mac.org\/wp\/?page_id=5751"},"modified":"2012-01-18T15:10:11","modified_gmt":"2012-01-18T15:10:11","slug":"japanese-diary","status":"publish","type":"page","link":"https:\/\/li-mac.org\/es\/library\/art-books-mexico\/mexican-artists\/japanese-diary\/","title":{"rendered":"Diario Japon\u00e9s"},"content":{"rendered":"<p>Esta pintura fue hecha al tama\u00f1o original del cat\u00e1logo \u201cDiario Japon\u00e9s\u201d de Jonathan Hern\u00e1ndez. Fue publicado por La Caja Negra en 2006.<\/p>","protected":false},"excerpt":{"rendered":"<p><strong>Biblioteca LiMAC<\/strong><br \/>\n2009<br \/>\n\u00f3leo sobre lienzo<br \/>\n25 x 19 x 1 cm.<\/p>\n","protected":false},"author":2,"featured_media":5487,"parent":5513,"menu_order":935,"comment_status":"open","ping_status":"open","template":"image.php","meta":{"footnotes":""},"class_list":["post-5751","page","type-page","status-publish","has-post-thumbnail","hentry"],"_links":{"self":[{"href":"https:\/\/li-mac.org\/es\/wp-json\/wp\/v2\/pages\/5751","targetHints":{"allow":["GET"]}}],"collection":[{"href":"https:\/\/li-mac.org\/es\/wp-json\/wp\/v2\/pages"}],"about":[{"href":"https:\/\/li-mac.org\/es\/wp-json\/wp\/v2\/types\/page"}],"author":[{"embeddable":true,"href":"https:\/\/li-mac.org\/es\/wp-json\/wp\/v2\/users\/2"}],"replies":[{"embeddable":true,"href":"https:\/\/li-mac.org\/es\/wp-json\/wp\/v2\/comments?post=5751"}],"version-history":[{"count":5,"href":"https:\/\/li-mac.org\/es\/wp-json\/wp\/v2\/pages\/5751\/revisions"}],"predecessor-version":[{"id":12097,"href":"https:\/\/li-mac.org\/es\/wp-json\/wp\/v2\/pages\/5751\/revisions\/12097"}],"up":[{"embeddable":true,"href":"https:\/\/li-mac.org\/es\/wp-json\/wp\/v2\/pages\/5513"}],"wp:featuredmedia":[{"embeddable":true,"href":"https:\/\/li-mac.org\/es\/wp-json\/wp\/v2\/media\/5487"}],"wp:attachment":[{"href":"https:\/\/li-mac.org\/es\/wp-json\/wp\/v2\/media?parent=5751"}],"curies":[{"name":"wp","href":"https:\/\/api.w.org\/{rel}","templated":true}]}}