{"id":5947,"date":"2011-10-13T14:48:24","date_gmt":"2011-10-13T14:48:24","guid":{"rendered":"http:\/\/li-mac.org\/wp\/?page_id=5947"},"modified":"2012-01-16T22:40:22","modified_gmt":"2012-01-16T22:40:22","slug":"number-80","status":"publish","type":"page","link":"https:\/\/li-mac.org\/es\/collection\/pre-columbian-and-colonial\/objects\/number-80\/","title":{"rendered":"N\u00famero 80 &#8211; Tap\u00f3n auditivo de cer\u00e1mica"},"content":{"rendered":"","protected":false},"excerpt":{"rendered":"<p><strong>El segundo cuarto del rescate<\/strong><br \/>\n2009<br \/>\n\u00f3leo sobre lienzo<br \/>\n27,5 x 21,5 cm.<\/p>\n","protected":false},"author":2,"featured_media":5861,"parent":11341,"menu_order":0,"comment_status":"open","ping_status":"open","template":"image.php","meta":{"footnotes":""},"class_list":["post-5947","page","type-page","status-publish","has-post-thumbnail","hentry"],"_links":{"self":[{"href":"https:\/\/li-mac.org\/es\/wp-json\/wp\/v2\/pages\/5947","targetHints":{"allow":["GET"]}}],"collection":[{"href":"https:\/\/li-mac.org\/es\/wp-json\/wp\/v2\/pages"}],"about":[{"href":"https:\/\/li-mac.org\/es\/wp-json\/wp\/v2\/types\/page"}],"author":[{"embeddable":true,"href":"https:\/\/li-mac.org\/es\/wp-json\/wp\/v2\/users\/2"}],"replies":[{"embeddable":true,"href":"https:\/\/li-mac.org\/es\/wp-json\/wp\/v2\/comments?post=5947"}],"version-history":[{"count":4,"href":"https:\/\/li-mac.org\/es\/wp-json\/wp\/v2\/pages\/5947\/revisions"}],"predecessor-version":[{"id":11343,"href":"https:\/\/li-mac.org\/es\/wp-json\/wp\/v2\/pages\/5947\/revisions\/11343"}],"up":[{"embeddable":true,"href":"https:\/\/li-mac.org\/es\/wp-json\/wp\/v2\/pages\/11341"}],"wp:featuredmedia":[{"embeddable":true,"href":"https:\/\/li-mac.org\/es\/wp-json\/wp\/v2\/media\/5861"}],"wp:attachment":[{"href":"https:\/\/li-mac.org\/es\/wp-json\/wp\/v2\/media?parent=5947"}],"curies":[{"name":"wp","href":"https:\/\/api.w.org\/{rel}","templated":true}]}}