{"id":6033,"date":"2011-10-17T18:19:16","date_gmt":"2011-10-17T18:19:16","guid":{"rendered":"http:\/\/li-mac.org\/wp\/?page_id=6033"},"modified":"2013-11-14T12:59:59","modified_gmt":"2013-11-14T12:59:59","slug":"untitled-newspaper-on-ground-grass-california","status":"publish","type":"page","link":"https:\/\/li-mac.org\/es\/projects\/rests-in-press\/1991-2002\/untitled-newspaper-on-ground-grass-california\/","title":{"rendered":"Sin t\u00edtulo (Peri\u00f3dico sobre suelo, c\u00e9sped, California)"},"content":{"rendered":"","protected":false},"excerpt":{"rendered":"<p><strong>William Eggleston<\/strong> <small>(Estados Unidos, 1939)<\/small><br \/>\n2000<br \/>\nimpresi\u00f3n con pigmento<br \/>\n22 x 28 in.<br \/>\n55.9 x 71.1 cm.<br \/>\nedici\u00f3n de 7<\/p>\n<p><small>\u00a9 Eggleston Artistic Trust Cortes\u00eda Cheim &#038; Read, New York <\/small><\/p>\n","protected":false},"author":2,"featured_media":6031,"parent":3583,"menu_order":735,"comment_status":"open","ping_status":"open","template":"image.php","meta":{"footnotes":""},"class_list":["post-6033","page","type-page","status-publish","has-post-thumbnail","hentry"],"_links":{"self":[{"href":"https:\/\/li-mac.org\/es\/wp-json\/wp\/v2\/pages\/6033","targetHints":{"allow":["GET"]}}],"collection":[{"href":"https:\/\/li-mac.org\/es\/wp-json\/wp\/v2\/pages"}],"about":[{"href":"https:\/\/li-mac.org\/es\/wp-json\/wp\/v2\/types\/page"}],"author":[{"embeddable":true,"href":"https:\/\/li-mac.org\/es\/wp-json\/wp\/v2\/users\/2"}],"replies":[{"embeddable":true,"href":"https:\/\/li-mac.org\/es\/wp-json\/wp\/v2\/comments?post=6033"}],"version-history":[{"count":7,"href":"https:\/\/li-mac.org\/es\/wp-json\/wp\/v2\/pages\/6033\/revisions"}],"predecessor-version":[{"id":17904,"href":"https:\/\/li-mac.org\/es\/wp-json\/wp\/v2\/pages\/6033\/revisions\/17904"}],"up":[{"embeddable":true,"href":"https:\/\/li-mac.org\/es\/wp-json\/wp\/v2\/pages\/3583"}],"wp:featuredmedia":[{"embeddable":true,"href":"https:\/\/li-mac.org\/es\/wp-json\/wp\/v2\/media\/6031"}],"wp:attachment":[{"href":"https:\/\/li-mac.org\/es\/wp-json\/wp\/v2\/media?parent=6033"}],"curies":[{"name":"wp","href":"https:\/\/api.w.org\/{rel}","templated":true}]}}