{"id":61,"date":"2011-01-26T15:16:14","date_gmt":"2011-01-26T15:16:14","guid":{"rendered":"http:\/\/li-mac.org\/wp\/"},"modified":"2020-05-22T22:59:08","modified_gmt":"2020-05-22T22:59:08","slug":"library","status":"publish","type":"page","link":"https:\/\/li-mac.org\/es\/library\/","title":{"rendered":"Biblioteca"},"content":{"rendered":"<p>La biblioteca del LiMac incluye una selecci\u00f3n de libros de arte proviniendo de sur Am\u00e9rica y otros t\u00edtulos sobre filosof\u00eda, literatura, ciencia, ficci\u00f3n, antropolog\u00eda, pol\u00edtica, etcetera.<\/p>","protected":false},"excerpt":{"rendered":"<p>La biblioteca del LiMAC registra miles de t\u00edtulos. Incluye una gran selecci\u00f3n de libros de arte proviniendo de sur Am\u00e9rica y otros t\u00edtulos sobre filosof\u00eda, literatura, ciencia, ficci\u00f3n, antropolog\u00eda, pol\u00edtica, etcetera.<\/p>\n","protected":false},"author":1,"featured_media":0,"parent":0,"menu_order":1073,"comment_status":"closed","ping_status":"closed","template":"page-list.php","meta":{"footnotes":""},"class_list":["post-61","page","type-page","status-publish","hentry"],"_links":{"self":[{"href":"https:\/\/li-mac.org\/es\/wp-json\/wp\/v2\/pages\/61","targetHints":{"allow":["GET"]}}],"collection":[{"href":"https:\/\/li-mac.org\/es\/wp-json\/wp\/v2\/pages"}],"about":[{"href":"https:\/\/li-mac.org\/es\/wp-json\/wp\/v2\/types\/page"}],"author":[{"embeddable":true,"href":"https:\/\/li-mac.org\/es\/wp-json\/wp\/v2\/users\/1"}],"replies":[{"embeddable":true,"href":"https:\/\/li-mac.org\/es\/wp-json\/wp\/v2\/comments?post=61"}],"version-history":[{"count":12,"href":"https:\/\/li-mac.org\/es\/wp-json\/wp\/v2\/pages\/61\/revisions"}],"predecessor-version":[{"id":21982,"href":"https:\/\/li-mac.org\/es\/wp-json\/wp\/v2\/pages\/61\/revisions\/21982"}],"wp:attachment":[{"href":"https:\/\/li-mac.org\/es\/wp-json\/wp\/v2\/media?parent=61"}],"curies":[{"name":"wp","href":"https:\/\/api.w.org\/{rel}","templated":true}]}}